{"id":957,"date":"2013-09-08T15:24:22","date_gmt":"2013-09-08T15:24:22","guid":{"rendered":"http:\/\/andrenerman.com\/?page_id=957"},"modified":"2020-04-11T22:00:10","modified_gmt":"2020-04-11T22:00:10","slug":"un-rapport-sur-la-banalite-de-lamour","status":"publish","type":"page","link":"http:\/\/andrenerman.com\/?page_id=957","title":{"rendered":"Un rapport sur la banalit\u00e9 de l&rsquo;amour"},"content":{"rendered":"<p>Avec <strong>Emmanuelle Wion <\/strong>et <strong>Andr\u00e9 Nerman<\/strong><\/p>\n<p><!-- index.php -->\n<div\n\tclass=\"ngg-galleryoverview ngg-ajax-pagination-none\"\n\tid=\"ngg-gallery-871e6e71f2d253e2f32ee082f4bc61fd-1\">\n\n    \t\t<!-- Thumbnails -->\n\t\t\t\t<div id=\"ngg-image-0\" class=\"ngg-gallery-thumbnail-box\" >\n\t\t\t\t        <div class=\"ngg-gallery-thumbnail\">\n            <a href=\"http:\/\/andrenerman.com\/wp-content\/gallery\/banalite-de-lamour\/affiche.PNG\"\n               title=\"Un rapport sur la banalit\u00e9 de l\\&#039;amour\"\n               data-src=\"http:\/\/andrenerman.com\/wp-content\/gallery\/banalite-de-lamour\/affiche.PNG\"\n               data-thumbnail=\"http:\/\/andrenerman.com\/wp-content\/gallery\/banalite-de-lamour\/thumbs\/thumbs_affiche.PNG\"\n               data-image-id=\"307\"\n               data-title=\"Un rapport sur la banalit\u00e9 de l\\&#039;amour\"\n               data-description=\"Un rapport sur la banalit\u00e9 de l&#039;amour\"\n               data-image-slug=\"un-rapport-sur-la-banalite-de-lamour-23\"\n               class='thickbox' rel='871e6e71f2d253e2f32ee082f4bc61fd'>\n                <img\n                    title=\"Un rapport sur la banalit\u00e9 de l\\&#039;amour\"\n                    alt=\"Un rapport sur la banalit\u00e9 de l\\&#039;amour\"\n                    src=\"http:\/\/andrenerman.com\/wp-content\/gallery\/banalite-de-lamour\/thumbs\/thumbs_affiche.PNG\"\n                    width=\"100\"\n                    height=\"75\"\n                    style=\"max-width:100%;\"\n                \/>\n            <\/a>\n        <\/div>\n\t\t\t\t\t\t\t<\/div> \n\t\t\t\n        \n\t\t\t\t<div id=\"ngg-image-1\" class=\"ngg-gallery-thumbnail-box\" >\n\t\t\t\t        <div class=\"ngg-gallery-thumbnail\">\n            <a href=\"http:\/\/andrenerman.com\/wp-content\/gallery\/banalite-de-lamour\/banalite1.PNG\"\n               title=\"Un rapport sur la banalit\u00e9 de l\\&#039;amour\"\n               data-src=\"http:\/\/andrenerman.com\/wp-content\/gallery\/banalite-de-lamour\/banalite1.PNG\"\n               data-thumbnail=\"http:\/\/andrenerman.com\/wp-content\/gallery\/banalite-de-lamour\/thumbs\/thumbs_banalite1.PNG\"\n               data-image-id=\"308\"\n               data-title=\"Un rapport sur la banalit\u00e9 de l\\&#039;amour\"\n               data-description=\"Un rapport sur la banalit\u00e9 de l&#039;amour\"\n               data-image-slug=\"un-rapport-sur-la-banalite-de-lamour-24\"\n               class='thickbox' rel='871e6e71f2d253e2f32ee082f4bc61fd'>\n                <img\n                    title=\"Un rapport sur la banalit\u00e9 de l\\&#039;amour\"\n                    alt=\"Un rapport sur la banalit\u00e9 de l\\&#039;amour\"\n                    src=\"http:\/\/andrenerman.com\/wp-content\/gallery\/banalite-de-lamour\/thumbs\/thumbs_banalite1.PNG\"\n                    width=\"100\"\n                    height=\"75\"\n                    style=\"max-width:100%;\"\n                \/>\n            <\/a>\n        <\/div>\n\t\t\t\t\t\t\t<\/div> \n\t\t\t\n        \n\t\t\t\t<div id=\"ngg-image-2\" class=\"ngg-gallery-thumbnail-box\" >\n\t\t\t\t        <div class=\"ngg-gallery-thumbnail\">\n            <a href=\"http:\/\/andrenerman.com\/wp-content\/gallery\/banalite-de-lamour\/banalite2.PNG\"\n               title=\"Un rapport sur la banalit\u00e9 de l\\&#039;amour\"\n               data-src=\"http:\/\/andrenerman.com\/wp-content\/gallery\/banalite-de-lamour\/banalite2.PNG\"\n               data-thumbnail=\"http:\/\/andrenerman.com\/wp-content\/gallery\/banalite-de-lamour\/thumbs\/thumbs_banalite2.PNG\"\n               data-image-id=\"309\"\n               data-title=\"Un rapport sur la banalit\u00e9 de l\\&#039;amour\"\n               data-description=\"Un rapport sur la banalit\u00e9 de l&#039;amour\"\n               data-image-slug=\"un-rapport-sur-la-banalite-de-lamour-25\"\n               class='thickbox' rel='871e6e71f2d253e2f32ee082f4bc61fd'>\n                <img\n                    title=\"Un rapport sur la banalit\u00e9 de l\\&#039;amour\"\n                    alt=\"Un rapport sur la banalit\u00e9 de l\\&#039;amour\"\n                    src=\"http:\/\/andrenerman.com\/wp-content\/gallery\/banalite-de-lamour\/thumbs\/thumbs_banalite2.PNG\"\n                    width=\"100\"\n                    height=\"75\"\n                    style=\"max-width:100%;\"\n                \/>\n            <\/a>\n        <\/div>\n\t\t\t\t\t\t\t<\/div> \n\t\t\t\n        \n\t\t\t\t<div id=\"ngg-image-3\" class=\"ngg-gallery-thumbnail-box\" >\n\t\t\t\t        <div class=\"ngg-gallery-thumbnail\">\n            <a href=\"http:\/\/andrenerman.com\/wp-content\/gallery\/banalite-de-lamour\/banalite3.PNG\"\n               title=\"Un rapport sur la banalit\u00e9 de l\\&#039;amour\"\n               data-src=\"http:\/\/andrenerman.com\/wp-content\/gallery\/banalite-de-lamour\/banalite3.PNG\"\n               data-thumbnail=\"http:\/\/andrenerman.com\/wp-content\/gallery\/banalite-de-lamour\/thumbs\/thumbs_banalite3.PNG\"\n               data-image-id=\"310\"\n               data-title=\"Un rapport sur la banalit\u00e9 de l\\&#039;amour\"\n               data-description=\"Un rapport sur la banalit\u00e9 de l&#039;amour\"\n               data-image-slug=\"un-rapport-sur-la-banalite-de-lamour-26\"\n               class='thickbox' rel='871e6e71f2d253e2f32ee082f4bc61fd'>\n                <img\n                    title=\"Un rapport sur la banalit\u00e9 de l\\&#039;amour\"\n                    alt=\"Un rapport sur la banalit\u00e9 de l\\&#039;amour\"\n                    src=\"http:\/\/andrenerman.com\/wp-content\/gallery\/banalite-de-lamour\/thumbs\/thumbs_banalite3.PNG\"\n                    width=\"100\"\n                    height=\"75\"\n                    style=\"max-width:100%;\"\n                \/>\n            <\/a>\n        <\/div>\n\t\t\t\t\t\t\t<\/div> \n\t\t\t\n        \n\t\t\t\t<div id=\"ngg-image-4\" class=\"ngg-gallery-thumbnail-box\" >\n\t\t\t\t        <div class=\"ngg-gallery-thumbnail\">\n            <a href=\"http:\/\/andrenerman.com\/wp-content\/gallery\/banalite-de-lamour\/banalite4.PNG\"\n               title=\"Un rapport sur la banalit\u00e9 de l\\&#039;amour\"\n               data-src=\"http:\/\/andrenerman.com\/wp-content\/gallery\/banalite-de-lamour\/banalite4.PNG\"\n               data-thumbnail=\"http:\/\/andrenerman.com\/wp-content\/gallery\/banalite-de-lamour\/thumbs\/thumbs_banalite4.PNG\"\n               data-image-id=\"311\"\n               data-title=\"Un rapport sur la banalit\u00e9 de l\\&#039;amour\"\n               data-description=\"Un rapport sur la banalit\u00e9 de l&#039;amour\"\n               data-image-slug=\"un-rapport-sur-la-banalite-de-lamour-27\"\n               class='thickbox' rel='871e6e71f2d253e2f32ee082f4bc61fd'>\n                <img\n                    title=\"Un rapport sur la banalit\u00e9 de l\\&#039;amour\"\n                    alt=\"Un rapport sur la banalit\u00e9 de l\\&#039;amour\"\n                    src=\"http:\/\/andrenerman.com\/wp-content\/gallery\/banalite-de-lamour\/thumbs\/thumbs_banalite4.PNG\"\n                    width=\"100\"\n                    height=\"75\"\n                    style=\"max-width:100%;\"\n                \/>\n            <\/a>\n        <\/div>\n\t\t\t\t\t\t\t<\/div> \n\t\t\t\n        \n\t\t\t\t<div id=\"ngg-image-5\" class=\"ngg-gallery-thumbnail-box\" >\n\t\t\t\t        <div class=\"ngg-gallery-thumbnail\">\n            <a href=\"http:\/\/andrenerman.com\/wp-content\/gallery\/banalite-de-lamour\/banalite5.PNG\"\n               title=\"Un rapport sur la banalit\u00e9 de l\\&#039;amour\"\n               data-src=\"http:\/\/andrenerman.com\/wp-content\/gallery\/banalite-de-lamour\/banalite5.PNG\"\n               data-thumbnail=\"http:\/\/andrenerman.com\/wp-content\/gallery\/banalite-de-lamour\/thumbs\/thumbs_banalite5.PNG\"\n               data-image-id=\"312\"\n               data-title=\"Un rapport sur la banalit\u00e9 de l\\&#039;amour\"\n               data-description=\"Un rapport sur la banalit\u00e9 de l&#039;amour\"\n               data-image-slug=\"un-rapport-sur-la-banalite-de-lamour-28\"\n               class='thickbox' rel='871e6e71f2d253e2f32ee082f4bc61fd'>\n                <img\n                    title=\"Un rapport sur la banalit\u00e9 de l\\&#039;amour\"\n                    alt=\"Un rapport sur la banalit\u00e9 de l\\&#039;amour\"\n                    src=\"http:\/\/andrenerman.com\/wp-content\/gallery\/banalite-de-lamour\/thumbs\/thumbs_banalite5.PNG\"\n                    width=\"100\"\n                    height=\"75\"\n                    style=\"max-width:100%;\"\n                \/>\n            <\/a>\n        <\/div>\n\t\t\t\t\t\t\t<\/div> \n\t\t\t\n        \n\t\t\t\t<div id=\"ngg-image-6\" class=\"ngg-gallery-thumbnail-box\" >\n\t\t\t\t        <div class=\"ngg-gallery-thumbnail\">\n            <a href=\"http:\/\/andrenerman.com\/wp-content\/gallery\/banalite-de-lamour\/banalite6.PNG\"\n               title=\"Un rapport sur la banalit\u00e9 de l\\&#039;amour\"\n               data-src=\"http:\/\/andrenerman.com\/wp-content\/gallery\/banalite-de-lamour\/banalite6.PNG\"\n               data-thumbnail=\"http:\/\/andrenerman.com\/wp-content\/gallery\/banalite-de-lamour\/thumbs\/thumbs_banalite6.PNG\"\n               data-image-id=\"313\"\n               data-title=\"Un rapport sur la banalit\u00e9 de l\\&#039;amour\"\n               data-description=\"Un rapport sur la banalit\u00e9 de l&#039;amour\"\n               data-image-slug=\"un-rapport-sur-la-banalite-de-lamour-29\"\n               class='thickbox' rel='871e6e71f2d253e2f32ee082f4bc61fd'>\n                <img\n                    title=\"Un rapport sur la banalit\u00e9 de l\\&#039;amour\"\n                    alt=\"Un rapport sur la banalit\u00e9 de l\\&#039;amour\"\n                    src=\"http:\/\/andrenerman.com\/wp-content\/gallery\/banalite-de-lamour\/thumbs\/thumbs_banalite6.PNG\"\n                    width=\"100\"\n                    height=\"75\"\n                    style=\"max-width:100%;\"\n                \/>\n            <\/a>\n        <\/div>\n\t\t\t\t\t\t\t<\/div> \n\t\t\t\n        \n\t\t\n\t\t<!-- Pagination -->\n\t<div class='ngg-clear'><\/div>\t<\/div>\n<br \/>\n&nbsp;<br \/>\n<img loading=\"lazy\" class=\"aligncenter\" title=\"limit\" src=\"http:\/\/andrenerman.com\/wp-content\/uploads\/2010\/11\/limit.gif\" alt=\"\" width=\"100\" height=\"10\"><br \/>\n&nbsp;<br \/>\n<iframe frameborder=\"0\" height=\"315\" src=\"https:\/\/www.youtube.com\/embed\/DkVe1z7OZ-0\" width=\"560\"><\/iframe><br \/>\n<img loading=\"lazy\" class=\"aligncenter\" title=\"limit\" src=\"http:\/\/andrenerman.com\/wp-content\/uploads\/2010\/11\/limit.gif\" alt=\"\" width=\"100\" height=\"10\"><br \/>\n&nbsp;<\/p>\n<p style=\"text-align: center;\"><a class=\"fleche2\" title=\"Dossier de presse - Un rapport sur la banalit\u00e9 de l'amour\" href=\"wp-content\/uploads\/2013\/09\/presse-banalite.pdf\">T\u00e9l\u00e9charger le<strong>&nbsp;dossier de presse complet<\/strong><\/a> (.pdf)<\/p>\n<p>&nbsp;<\/p>\n<p><span style=\"font-weight: normal; font-size: 13px;\"><a class=\"fleche\" title=\"Mise en sc\u00e8ne\" href=\"http:\/\/andrenerman.com\/?page_id=163\" target=\"_self\" rel=\"noopener noreferrer\">Voir les autres mises en sc\u00e8ne<\/a><\/span><\/p>\n","protected":false},"excerpt":{"rendered":"<p>Avec Emmanuelle Wion et Andr\u00e9 Nerman &nbsp; &nbsp; &nbsp; T\u00e9l\u00e9charger le&nbsp;dossier de presse complet (.pdf) &nbsp; Voir les autres mises en sc\u00e8ne<\/p>\n","protected":false},"author":1,"featured_media":0,"parent":163,"menu_order":0,"comment_status":"closed","ping_status":"closed","template":"","meta":{"ngg_post_thumbnail":0},"_links":{"self":[{"href":"http:\/\/andrenerman.com\/index.php?rest_route=\/wp\/v2\/pages\/957"}],"collection":[{"href":"http:\/\/andrenerman.com\/index.php?rest_route=\/wp\/v2\/pages"}],"about":[{"href":"http:\/\/andrenerman.com\/index.php?rest_route=\/wp\/v2\/types\/page"}],"author":[{"embeddable":true,"href":"http:\/\/andrenerman.com\/index.php?rest_route=\/wp\/v2\/users\/1"}],"replies":[{"embeddable":true,"href":"http:\/\/andrenerman.com\/index.php?rest_route=%2Fwp%2Fv2%2Fcomments&post=957"}],"version-history":[{"count":18,"href":"http:\/\/andrenerman.com\/index.php?rest_route=\/wp\/v2\/pages\/957\/revisions"}],"predecessor-version":[{"id":1886,"href":"http:\/\/andrenerman.com\/index.php?rest_route=\/wp\/v2\/pages\/957\/revisions\/1886"}],"up":[{"embeddable":true,"href":"http:\/\/andrenerman.com\/index.php?rest_route=\/wp\/v2\/pages\/163"}],"wp:attachment":[{"href":"http:\/\/andrenerman.com\/index.php?rest_route=%2Fwp%2Fv2%2Fmedia&parent=957"}],"curies":[{"name":"wp","href":"https:\/\/api.w.org\/{rel}","templated":true}]}}