{"id":47,"date":"2010-10-30T20:53:02","date_gmt":"2010-10-30T20:53:02","guid":{"rendered":"http:\/\/andrenerman.com\/?page_id=47"},"modified":"2022-04-27T19:39:19","modified_gmt":"2022-04-27T19:39:19","slug":"video","status":"publish","type":"page","link":"http:\/\/andrenerman.com\/?page_id=47","title":{"rendered":"Vid\u00e9os"},"content":{"rendered":"<h2>Un rapport sur la banalit\u00e9 de l&rsquo;amour<\/h2>\n<p><iframe frameborder=\"0\" height=\"315\" src=\"https:\/\/www.youtube.com\/embed\/DkVe1z7OZ-0\" width=\"560\"><\/iframe><\/p>\n<h2>La chute<\/h2>\n<p><iframe frameborder=\"0\" height=\"315\" src=\"https:\/\/www.youtube.com\/embed\/V632IO1iN6w\" width=\"560\"><\/iframe><\/p>\n<h2 style=\"font-size: 1.5em;\">D\u00e9mo acteur<\/h2>\n<p><iframe frameborder=\"0\" height=\"315\" src=\"https:\/\/www.youtube.com\/embed\/lLoxg2gFRzE\" width=\"560\"><\/iframe><\/p>\n<h2>Jacques Brel ou l&rsquo;impossible R\u00eave<\/h2>\n<p><iframe frameborder=\"0\" height=\"315\" src=\"https:\/\/www.youtube.com\/embed\/vbuqecRICp4\" width=\"560\"><\/iframe><\/p>\n<h2>Diff\u00e9rent<\/h2>\n<p><iframe frameborder=\"0\" height=\"315\" src=\"https:\/\/www.youtube.com\/embed\/g4QfNOg47DU\" width=\"560\"><\/iframe><\/p>\n<h2>Mon p\u00e8re \u00e9tait un templier<\/h2>\n<p><iframe frameborder=\"0\" height=\"315\" src=\"https:\/\/www.youtube.com\/embed\/HhPxYzFbGQ4\" width=\"560\"><\/iframe><\/p>\n","protected":false},"excerpt":{"rendered":"<p>Un rapport sur la banalit\u00e9 de l&rsquo;amour La chute D\u00e9mo acteur Jacques Brel ou l&rsquo;impossible R\u00eave Diff\u00e9rent Mon p\u00e8re \u00e9tait un templier<\/p>\n","protected":false},"author":1,"featured_media":0,"parent":0,"menu_order":5,"comment_status":"closed","ping_status":"closed","template":"","meta":{"ngg_post_thumbnail":0},"_links":{"self":[{"href":"http:\/\/andrenerman.com\/index.php?rest_route=\/wp\/v2\/pages\/47"}],"collection":[{"href":"http:\/\/andrenerman.com\/index.php?rest_route=\/wp\/v2\/pages"}],"about":[{"href":"http:\/\/andrenerman.com\/index.php?rest_route=\/wp\/v2\/types\/page"}],"author":[{"embeddable":true,"href":"http:\/\/andrenerman.com\/index.php?rest_route=\/wp\/v2\/users\/1"}],"replies":[{"embeddable":true,"href":"http:\/\/andrenerman.com\/index.php?rest_route=%2Fwp%2Fv2%2Fcomments&post=47"}],"version-history":[{"count":52,"href":"http:\/\/andrenerman.com\/index.php?rest_route=\/wp\/v2\/pages\/47\/revisions"}],"predecessor-version":[{"id":2338,"href":"http:\/\/andrenerman.com\/index.php?rest_route=\/wp\/v2\/pages\/47\/revisions\/2338"}],"wp:attachment":[{"href":"http:\/\/andrenerman.com\/index.php?rest_route=%2Fwp%2Fv2%2Fmedia&parent=47"}],"curies":[{"name":"wp","href":"https:\/\/api.w.org\/{rel}","templated":true}]}}