{"id":422,"date":"2010-11-15T21:09:45","date_gmt":"2010-11-15T21:09:45","guid":{"rendered":"http:\/\/andrenerman.com\/?page_id=422"},"modified":"2020-04-21T11:09:54","modified_gmt":"2020-04-21T11:09:54","slug":"moliere-amoureux","status":"publish","type":"page","link":"http:\/\/andrenerman.com\/?page_id=422","title":{"rendered":"Moli\u00e8re amoureux"},"content":{"rendered":"<p>Avec<br \/>\n<strong>Caroline Rabaliatti (Maxens Nerman)<\/strong><br \/>\n<strong>H\u00e9l\u00e8ne Arnault<\/strong> ou <strong>C\u00e9cile Thiercelin<\/strong> ou <strong>Claire d\u2019Anthouart<\/strong><br \/>\n<strong>Andr\u00e9 Nerman<\/strong> ou <strong>Yves Thuillier<\/strong><\/p>\n<!-- index.php -->\n<div\n\tclass=\"ngg-galleryoverview ngg-ajax-pagination-none\"\n\tid=\"ngg-gallery-ed40438693c004eeadbabf7623a955f8-1\">\n\n    \t\t<!-- Thumbnails -->\n\t\t\t\t<div id=\"ngg-image-0\" class=\"ngg-gallery-thumbnail-box\" >\n\t\t\t\t        <div class=\"ngg-gallery-thumbnail\">\n            <a href=\"http:\/\/andrenerman.com\/wp-content\/gallery\/moliere\/affiche-moliere-francais.jpg\"\n               title=\"Moli\u00e8re Amoureux\"\n               data-src=\"http:\/\/andrenerman.com\/wp-content\/gallery\/moliere\/affiche-moliere-francais.jpg\"\n               data-thumbnail=\"http:\/\/andrenerman.com\/wp-content\/gallery\/moliere\/thumbs\/thumbs_affiche-moliere-francais.jpg\"\n               data-image-id=\"106\"\n               data-title=\"Moli\u00e8re Amoureux\"\n               data-description=\"Moli\u00e8re Amoureux\"\n               data-image-slug=\"moliere-amoureux-3\"\n               class='thickbox' rel='ed40438693c004eeadbabf7623a955f8'>\n                <img\n                    title=\"Moli\u00e8re Amoureux\"\n                    alt=\"Moli\u00e8re Amoureux\"\n                    src=\"http:\/\/andrenerman.com\/wp-content\/gallery\/moliere\/thumbs\/thumbs_affiche-moliere-francais.jpg\"\n                    width=\"100\"\n                    height=\"75\"\n                    style=\"max-width:100%;\"\n                \/>\n            <\/a>\n        <\/div>\n\t\t\t\t\t\t\t<\/div> \n\t\t\t\n        \n\t\t\t\t<div id=\"ngg-image-1\" class=\"ngg-gallery-thumbnail-box\" >\n\t\t\t\t        <div class=\"ngg-gallery-thumbnail\">\n            <a href=\"http:\/\/andrenerman.com\/wp-content\/gallery\/moliere\/014.jpg\"\n               title=\"Moli\u00e8re Amoureux\"\n               data-src=\"http:\/\/andrenerman.com\/wp-content\/gallery\/moliere\/014.jpg\"\n               data-thumbnail=\"http:\/\/andrenerman.com\/wp-content\/gallery\/moliere\/thumbs\/thumbs_014.jpg\"\n               data-image-id=\"104\"\n               data-title=\"Moli\u00e8re Amoureux\"\n               data-description=\"Moli\u00e8re Amoureux\"\n               data-image-slug=\"moliere-amoureux\"\n               class='thickbox' rel='ed40438693c004eeadbabf7623a955f8'>\n                <img\n                    title=\"Moli\u00e8re Amoureux\"\n                    alt=\"Moli\u00e8re Amoureux\"\n                    src=\"http:\/\/andrenerman.com\/wp-content\/gallery\/moliere\/thumbs\/thumbs_014.jpg\"\n                    width=\"100\"\n                    height=\"74\"\n                    style=\"max-width:100%;\"\n                \/>\n            <\/a>\n        <\/div>\n\t\t\t\t\t\t\t<\/div> \n\t\t\t\n        \n\t\t\t\t<div id=\"ngg-image-2\" class=\"ngg-gallery-thumbnail-box\" >\n\t\t\t\t        <div class=\"ngg-gallery-thumbnail\">\n            <a href=\"http:\/\/andrenerman.com\/wp-content\/gallery\/moliere\/022.jpg\"\n               title=\"Moli\u00e8re Amoureux\"\n               data-src=\"http:\/\/andrenerman.com\/wp-content\/gallery\/moliere\/022.jpg\"\n               data-thumbnail=\"http:\/\/andrenerman.com\/wp-content\/gallery\/moliere\/thumbs\/thumbs_022.jpg\"\n               data-image-id=\"105\"\n               data-title=\"Moli\u00e8re Amoureux\"\n               data-description=\"Moli\u00e8re Amoureux\"\n               data-image-slug=\"moliere-amoureux-2\"\n               class='thickbox' rel='ed40438693c004eeadbabf7623a955f8'>\n                <img\n                    title=\"Moli\u00e8re Amoureux\"\n                    alt=\"Moli\u00e8re Amoureux\"\n                    src=\"http:\/\/andrenerman.com\/wp-content\/gallery\/moliere\/thumbs\/thumbs_022.jpg\"\n                    width=\"100\"\n                    height=\"74\"\n                    style=\"max-width:100%;\"\n                \/>\n            <\/a>\n        <\/div>\n\t\t\t\t\t\t\t<\/div> \n\t\t\t\n        \n\t\t\t\t<div id=\"ngg-image-3\" class=\"ngg-gallery-thumbnail-box\" >\n\t\t\t\t        <div class=\"ngg-gallery-thumbnail\">\n            <a href=\"http:\/\/andrenerman.com\/wp-content\/gallery\/moliere\/moliere-4.jpg\"\n               title=\"Moli\u00e8re Amoureux\"\n               data-src=\"http:\/\/andrenerman.com\/wp-content\/gallery\/moliere\/moliere-4.jpg\"\n               data-thumbnail=\"http:\/\/andrenerman.com\/wp-content\/gallery\/moliere\/thumbs\/thumbs_moliere-4.jpg\"\n               data-image-id=\"108\"\n               data-title=\"Moli\u00e8re Amoureux\"\n               data-description=\"Moli\u00e8re Amoureux\"\n               data-image-slug=\"moliere-amoureux-5\"\n               class='thickbox' rel='ed40438693c004eeadbabf7623a955f8'>\n                <img\n                    title=\"Moli\u00e8re Amoureux\"\n                    alt=\"Moli\u00e8re Amoureux\"\n                    src=\"http:\/\/andrenerman.com\/wp-content\/gallery\/moliere\/thumbs\/thumbs_moliere-4.jpg\"\n                    width=\"100\"\n                    height=\"75\"\n                    style=\"max-width:100%;\"\n                \/>\n            <\/a>\n        <\/div>\n\t\t\t\t\t\t\t<\/div> \n\t\t\t\n        \n\t\t\t\t<div id=\"ngg-image-4\" class=\"ngg-gallery-thumbnail-box\" >\n\t\t\t\t        <div class=\"ngg-gallery-thumbnail\">\n            <a href=\"http:\/\/andrenerman.com\/wp-content\/gallery\/moliere\/moliere-5.jpg\"\n               title=\"Moli\u00e8re Amoureux\"\n               data-src=\"http:\/\/andrenerman.com\/wp-content\/gallery\/moliere\/moliere-5.jpg\"\n               data-thumbnail=\"http:\/\/andrenerman.com\/wp-content\/gallery\/moliere\/thumbs\/thumbs_moliere-5.jpg\"\n               data-image-id=\"109\"\n               data-title=\"Moli\u00e8re Amoureux\"\n               data-description=\"Moli\u00e8re Amoureux\"\n               data-image-slug=\"moliere-amoureux-6\"\n               class='thickbox' rel='ed40438693c004eeadbabf7623a955f8'>\n                <img\n                    title=\"Moli\u00e8re Amoureux\"\n                    alt=\"Moli\u00e8re Amoureux\"\n                    src=\"http:\/\/andrenerman.com\/wp-content\/gallery\/moliere\/thumbs\/thumbs_moliere-5.jpg\"\n                    width=\"100\"\n                    height=\"74\"\n                    style=\"max-width:100%;\"\n                \/>\n            <\/a>\n        <\/div>\n\t\t\t\t\t\t\t<\/div> \n\t\t\t\n        \n\t\t\n\t\t<!-- Pagination -->\n\t<div class='ngg-clear'><\/div>\t<\/div>\n\n<h2>Critique<\/h2>\n<p style=\"text-align: justify;\">\u00ab\u00a0Le dynamisme d\u2019H\u00e9l\u00e8ne Arnault, de Maxens et d\u2019Andr\u00e9 Nerman, la flexibilit\u00e9 qui leur permet de passer en un instant d\u2019un r\u00f4le \u00e0 l\u2019autre donnent \u00e0 la troupe une pr\u00e9sence telle que les trois acteurs suffisent \u00e0 remplir la sc\u00e8ne.\u00a0<em>Moli\u00e8re amoureux<\/em> s\u2019est r\u00e9v\u00e9l\u00e9 un spectacle de grande qualit\u00e9\u2026 \u00bb<\/p>\n<p style=\"text-align: right;\"><em>Gis\u00e8le F\u00c9AL &#8211; <\/em><em>LE FIGARO<\/em><\/p>\n<p style=\"text-align: left;\"><a class=\"fleche\" title=\"Mise en sc\u00e8ne\" href=\"http:\/\/andrenerman.com\/?page_id=163\" target=\"_self\" rel=\"noopener noreferrer\">Voir les autres mises en sc\u00e8ne<\/a><\/p>\n","protected":false},"excerpt":{"rendered":"<p>Avec Caroline Rabaliatti (Maxens Nerman) H\u00e9l\u00e8ne Arnault ou C\u00e9cile Thiercelin ou Claire d\u2019Anthouart Andr\u00e9 Nerman ou Yves Thuillier Critique \u00ab\u00a0Le dynamisme d\u2019H\u00e9l\u00e8ne Arnault, de Maxens et d\u2019Andr\u00e9 Nerman, la flexibilit\u00e9 qui leur permet de passer en un instant d\u2019un r\u00f4le \u00e0 l\u2019autre donnent \u00e0 la troupe une pr\u00e9sence telle que les trois acteurs suffisent \u00e0 [&hellip;]<\/p>\n","protected":false},"author":1,"featured_media":0,"parent":163,"menu_order":0,"comment_status":"closed","ping_status":"closed","template":"","meta":{"ngg_post_thumbnail":0},"_links":{"self":[{"href":"http:\/\/andrenerman.com\/index.php?rest_route=\/wp\/v2\/pages\/422"}],"collection":[{"href":"http:\/\/andrenerman.com\/index.php?rest_route=\/wp\/v2\/pages"}],"about":[{"href":"http:\/\/andrenerman.com\/index.php?rest_route=\/wp\/v2\/types\/page"}],"author":[{"embeddable":true,"href":"http:\/\/andrenerman.com\/index.php?rest_route=\/wp\/v2\/users\/1"}],"replies":[{"embeddable":true,"href":"http:\/\/andrenerman.com\/index.php?rest_route=%2Fwp%2Fv2%2Fcomments&post=422"}],"version-history":[{"count":11,"href":"http:\/\/andrenerman.com\/index.php?rest_route=\/wp\/v2\/pages\/422\/revisions"}],"predecessor-version":[{"id":1959,"href":"http:\/\/andrenerman.com\/index.php?rest_route=\/wp\/v2\/pages\/422\/revisions\/1959"}],"up":[{"embeddable":true,"href":"http:\/\/andrenerman.com\/index.php?rest_route=\/wp\/v2\/pages\/163"}],"wp:attachment":[{"href":"http:\/\/andrenerman.com\/index.php?rest_route=%2Fwp%2Fv2%2Fmedia&parent=422"}],"curies":[{"name":"wp","href":"https:\/\/api.w.org\/{rel}","templated":true}]}}