{"id":418,"date":"2010-11-15T20:59:35","date_gmt":"2010-11-15T20:59:35","guid":{"rendered":"http:\/\/andrenerman.com\/?page_id=418"},"modified":"2020-04-21T11:09:43","modified_gmt":"2020-04-21T11:09:43","slug":"la-musica","status":"publish","type":"page","link":"http:\/\/andrenerman.com\/?page_id=418","title":{"rendered":"La musica deuxi\u00e8me"},"content":{"rendered":"<p>Avec <strong>Caroline Rabaliatti<\/strong>,  <strong>Andr\u00e9 Nerman<\/strong> et <strong>V\u00e9ronique Leblanc<\/strong> (voix off)<\/p>\n<!-- index.php -->\n<div\n\tclass=\"ngg-galleryoverview ngg-ajax-pagination-none\"\n\tid=\"ngg-gallery-988600f22d316dac7b88041b16a60088-1\">\n\n    \t\t<!-- Thumbnails -->\n\t\t\t\t<div id=\"ngg-image-0\" class=\"ngg-gallery-thumbnail-box\" >\n\t\t\t\t        <div class=\"ngg-gallery-thumbnail\">\n            <a href=\"http:\/\/andrenerman.com\/wp-content\/gallery\/musica\/musica-affiche.jpg\"\n               title=\"La musica - Mise en sc\u00e8ne\"\n               data-src=\"http:\/\/andrenerman.com\/wp-content\/gallery\/musica\/musica-affiche.jpg\"\n               data-thumbnail=\"http:\/\/andrenerman.com\/wp-content\/gallery\/musica\/thumbs\/thumbs_musica-affiche.jpg\"\n               data-image-id=\"63\"\n               data-title=\"La musica - Mise en sc\u00e8ne\"\n               data-description=\"La musica - Mise en sc\u00e8ne\"\n               data-image-slug=\"la-musica-mise-en-scene-4\"\n               class='thickbox' rel='988600f22d316dac7b88041b16a60088'>\n                <img\n                    title=\"La musica - Mise en sc\u00e8ne\"\n                    alt=\"La musica - Mise en sc\u00e8ne\"\n                    src=\"http:\/\/andrenerman.com\/wp-content\/gallery\/musica\/thumbs\/thumbs_musica-affiche.jpg\"\n                    width=\"100\"\n                    height=\"74\"\n                    style=\"max-width:100%;\"\n                \/>\n            <\/a>\n        <\/div>\n\t\t\t\t\t\t\t<\/div> \n\t\t\t\n        \n\t\t\t\t<div id=\"ngg-image-1\" class=\"ngg-gallery-thumbnail-box\" >\n\t\t\t\t        <div class=\"ngg-gallery-thumbnail\">\n            <a href=\"http:\/\/andrenerman.com\/wp-content\/gallery\/musica\/8051.jpg\"\n               title=\"La musica - Mise en sc\u00e8ne\"\n               data-src=\"http:\/\/andrenerman.com\/wp-content\/gallery\/musica\/8051.jpg\"\n               data-thumbnail=\"http:\/\/andrenerman.com\/wp-content\/gallery\/musica\/thumbs\/thumbs_8051.jpg\"\n               data-image-id=\"60\"\n               data-title=\"La musica - Mise en sc\u00e8ne\"\n               data-description=\"La musica - Mise en sc\u00e8ne\"\n               data-image-slug=\"la-musica-mise-en-scene\"\n               class='thickbox' rel='988600f22d316dac7b88041b16a60088'>\n                <img\n                    title=\"La musica - Mise en sc\u00e8ne\"\n                    alt=\"La musica - Mise en sc\u00e8ne\"\n                    src=\"http:\/\/andrenerman.com\/wp-content\/gallery\/musica\/thumbs\/thumbs_8051.jpg\"\n                    width=\"100\"\n                    height=\"75\"\n                    style=\"max-width:100%;\"\n                \/>\n            <\/a>\n        <\/div>\n\t\t\t\t\t\t\t<\/div> \n\t\t\t\n        \n\t\t\t\t<div id=\"ngg-image-2\" class=\"ngg-gallery-thumbnail-box\" >\n\t\t\t\t        <div class=\"ngg-gallery-thumbnail\">\n            <a href=\"http:\/\/andrenerman.com\/wp-content\/gallery\/musica\/8090.jpg\"\n               title=\"La musica - Mise en sc\u00e8ne\"\n               data-src=\"http:\/\/andrenerman.com\/wp-content\/gallery\/musica\/8090.jpg\"\n               data-thumbnail=\"http:\/\/andrenerman.com\/wp-content\/gallery\/musica\/thumbs\/thumbs_8090.jpg\"\n               data-image-id=\"61\"\n               data-title=\"La musica - Mise en sc\u00e8ne\"\n               data-description=\"La musica - Mise en sc\u00e8ne\"\n               data-image-slug=\"la-musica-mise-en-scene-2\"\n               class='thickbox' rel='988600f22d316dac7b88041b16a60088'>\n                <img\n                    title=\"La musica - Mise en sc\u00e8ne\"\n                    alt=\"La musica - Mise en sc\u00e8ne\"\n                    src=\"http:\/\/andrenerman.com\/wp-content\/gallery\/musica\/thumbs\/thumbs_8090.jpg\"\n                    width=\"100\"\n                    height=\"74\"\n                    style=\"max-width:100%;\"\n                \/>\n            <\/a>\n        <\/div>\n\t\t\t\t\t\t\t<\/div> \n\t\t\t\n        \n\t\t\t\t<div id=\"ngg-image-3\" class=\"ngg-gallery-thumbnail-box\" >\n\t\t\t\t        <div class=\"ngg-gallery-thumbnail\">\n            <a href=\"http:\/\/andrenerman.com\/wp-content\/gallery\/musica\/la-musica-7.jpg\"\n               title=\"La musica - Mise en sc\u00e8ne\"\n               data-src=\"http:\/\/andrenerman.com\/wp-content\/gallery\/musica\/la-musica-7.jpg\"\n               data-thumbnail=\"http:\/\/andrenerman.com\/wp-content\/gallery\/musica\/thumbs\/thumbs_la-musica-7.jpg\"\n               data-image-id=\"62\"\n               data-title=\"La musica - Mise en sc\u00e8ne\"\n               data-description=\"La musica - Mise en sc\u00e8ne\"\n               data-image-slug=\"la-musica-mise-en-scene-3\"\n               class='thickbox' rel='988600f22d316dac7b88041b16a60088'>\n                <img\n                    title=\"La musica - Mise en sc\u00e8ne\"\n                    alt=\"La musica - Mise en sc\u00e8ne\"\n                    src=\"http:\/\/andrenerman.com\/wp-content\/gallery\/musica\/thumbs\/thumbs_la-musica-7.jpg\"\n                    width=\"100\"\n                    height=\"75\"\n                    style=\"max-width:100%;\"\n                \/>\n            <\/a>\n        <\/div>\n\t\t\t\t\t\t\t<\/div> \n\t\t\t\n        \n\t\t\n\t\t<!-- Pagination -->\n\t<div class='ngg-clear'><\/div>\t<\/div>\n\n<h2>Critiques<\/h2>\n<p style=\"text-align: justify;\">\u00ab\u00a0Votre partenaire et vous-m\u00eame, gr\u00e2ce \u00e0 la clart\u00e9 de votre jeu, \u00e0 sa sobri\u00e9t\u00e9 et \u00e0 sa subtilit\u00e9 de la mise en sc\u00e8ne, vous avez su traduire et communiquer toute une gamme de sentiments, d\u2019impressions et cr\u00e9er l\u2019atmosph\u00e8re Duras.\u00a0 (\u2026) Vous fa\u00eetes honneur au th\u00e9\u00e2tre.\u00a0\u00bb<\/p>\n<p style=\"text-align: right;\"><strong><em> <\/em><\/strong><em> Soisik MOREAU \u2013 Maire \u2013Adjointe <\/em><br \/>\nCharg\u00e9e de la Culture \u2013 Ville de PARIS<\/p>\n<p style=\"text-align: justify;\">\u00ab\u00a0Cette pi\u00e8ce, c\u2019est presque du Pinter. Andr\u00e9 et Maxens Nerman y repr\u00e9sentent le couple \u00ab\u00a0id\u00e9al\u00a0\u00bb par excellence. Je ne saurai trop vous conseiller d\u2019y aller. Pour que j\u2019ai aim\u00e9, croyez-moi, c\u2019\u00e9tait tr\u00e8s bien\u00a0!\u00a0\u00bb<\/p>\n<p style=\"text-align: right;\"><strong> <\/strong><em>Simone ALEXANDRE (RADIO ALIGRE \u2013 Paris)<\/em><\/p>\n<p style=\"text-align: left;\"><a class=\"fleche\" title=\"Mise en sc\u00e8ne\" href=\"http:\/\/andrenerman.com\/?page_id=163\" target=\"_self\" rel=\"noopener noreferrer\">Voir les autres mises en sc\u00e8ne<\/a><\/p>\n","protected":false},"excerpt":{"rendered":"<p>Avec Caroline Rabaliatti, Andr\u00e9 Nerman et V\u00e9ronique Leblanc (voix off) Critiques \u00ab\u00a0Votre partenaire et vous-m\u00eame, gr\u00e2ce \u00e0 la clart\u00e9 de votre jeu, \u00e0 sa sobri\u00e9t\u00e9 et \u00e0 sa subtilit\u00e9 de la mise en sc\u00e8ne, vous avez su traduire et communiquer toute une gamme de sentiments, d\u2019impressions et cr\u00e9er l\u2019atmosph\u00e8re Duras.\u00a0 (\u2026) Vous fa\u00eetes honneur au [&hellip;]<\/p>\n","protected":false},"author":1,"featured_media":0,"parent":163,"menu_order":0,"comment_status":"closed","ping_status":"closed","template":"","meta":{"ngg_post_thumbnail":0},"_links":{"self":[{"href":"http:\/\/andrenerman.com\/index.php?rest_route=\/wp\/v2\/pages\/418"}],"collection":[{"href":"http:\/\/andrenerman.com\/index.php?rest_route=\/wp\/v2\/pages"}],"about":[{"href":"http:\/\/andrenerman.com\/index.php?rest_route=\/wp\/v2\/types\/page"}],"author":[{"embeddable":true,"href":"http:\/\/andrenerman.com\/index.php?rest_route=\/wp\/v2\/users\/1"}],"replies":[{"embeddable":true,"href":"http:\/\/andrenerman.com\/index.php?rest_route=%2Fwp%2Fv2%2Fcomments&post=418"}],"version-history":[{"count":12,"href":"http:\/\/andrenerman.com\/index.php?rest_route=\/wp\/v2\/pages\/418\/revisions"}],"predecessor-version":[{"id":1957,"href":"http:\/\/andrenerman.com\/index.php?rest_route=\/wp\/v2\/pages\/418\/revisions\/1957"}],"up":[{"embeddable":true,"href":"http:\/\/andrenerman.com\/index.php?rest_route=\/wp\/v2\/pages\/163"}],"wp:attachment":[{"href":"http:\/\/andrenerman.com\/index.php?rest_route=%2Fwp%2Fv2%2Fmedia&parent=418"}],"curies":[{"name":"wp","href":"https:\/\/api.w.org\/{rel}","templated":true}]}}