{"id":413,"date":"2010-11-15T20:56:49","date_gmt":"2010-11-15T20:56:49","guid":{"rendered":"http:\/\/andrenerman.com\/?page_id=413"},"modified":"2020-04-21T11:09:12","modified_gmt":"2020-04-21T11:09:12","slug":"christophe-colomb","status":"publish","type":"page","link":"http:\/\/andrenerman.com\/?page_id=413","title":{"rendered":"Christophe Colomb"},"content":{"rendered":"<p><em>Le Livre de Christophe Colomb<\/em><\/p>\n<p>Avec<br \/>\n<strong>Andr\u00e9 Nerman, Caroline Rabaliatti, G\u00e9rald Moral\u00e8s, Enrique Fiestas, Larissa Cholomova, Jos\u00e9 Cruz, Fr\u00e9d\u00e9ric Kontongom, Ludovic Pirazolli<\/strong><\/p>\n<!-- index.php -->\n<div\n\tclass=\"ngg-galleryoverview ngg-ajax-pagination-none\"\n\tid=\"ngg-gallery-1d04b1ea48b5c53ca4e0c47685f3df76-1\">\n\n    \t\t<!-- Thumbnails -->\n\t\t\t\t<div id=\"ngg-image-0\" class=\"ngg-gallery-thumbnail-box\" >\n\t\t\t\t        <div class=\"ngg-gallery-thumbnail\">\n            <a href=\"http:\/\/andrenerman.com\/wp-content\/gallery\/colomb\/colomb2.jpg\"\n               title=\"Christophe Colomb\"\n               data-src=\"http:\/\/andrenerman.com\/wp-content\/gallery\/colomb\/colomb2.jpg\"\n               data-thumbnail=\"http:\/\/andrenerman.com\/wp-content\/gallery\/colomb\/thumbs\/thumbs_colomb2.jpg\"\n               data-image-id=\"98\"\n               data-title=\"Christophe Colomb\"\n               data-description=\"Christophe Colomb\"\n               data-image-slug=\"christophe-colomb-12\"\n               class='thickbox' rel='1d04b1ea48b5c53ca4e0c47685f3df76'>\n                <img\n                    title=\"Christophe Colomb\"\n                    alt=\"Christophe Colomb\"\n                    src=\"http:\/\/andrenerman.com\/wp-content\/gallery\/colomb\/thumbs\/thumbs_colomb2.jpg\"\n                    width=\"100\"\n                    height=\"75\"\n                    style=\"max-width:100%;\"\n                \/>\n            <\/a>\n        <\/div>\n\t\t\t\t\t\t\t<\/div> \n\t\t\t\n        \n\t\t\t\t<div id=\"ngg-image-1\" class=\"ngg-gallery-thumbnail-box\" >\n\t\t\t\t        <div class=\"ngg-gallery-thumbnail\">\n            <a href=\"http:\/\/andrenerman.com\/wp-content\/gallery\/colomb\/ch-colomb-la-2.jpg\"\n               title=\"Christophe Colomb\"\n               data-src=\"http:\/\/andrenerman.com\/wp-content\/gallery\/colomb\/ch-colomb-la-2.jpg\"\n               data-thumbnail=\"http:\/\/andrenerman.com\/wp-content\/gallery\/colomb\/thumbs\/thumbs_ch-colomb-la-2.jpg\"\n               data-image-id=\"89\"\n               data-title=\"Christophe Colomb\"\n               data-description=\"Christophe Colomb\"\n               data-image-slug=\"christophe-colomb-3\"\n               class='thickbox' rel='1d04b1ea48b5c53ca4e0c47685f3df76'>\n                <img\n                    title=\"Christophe Colomb\"\n                    alt=\"Christophe Colomb\"\n                    src=\"http:\/\/andrenerman.com\/wp-content\/gallery\/colomb\/thumbs\/thumbs_ch-colomb-la-2.jpg\"\n                    width=\"100\"\n                    height=\"75\"\n                    style=\"max-width:100%;\"\n                \/>\n            <\/a>\n        <\/div>\n\t\t\t\t\t\t\t<\/div> \n\t\t\t\n        \n\t\t\t\t<div id=\"ngg-image-2\" class=\"ngg-gallery-thumbnail-box\" >\n\t\t\t\t        <div class=\"ngg-gallery-thumbnail\">\n            <a href=\"http:\/\/andrenerman.com\/wp-content\/gallery\/colomb\/colomb_2.jpg\"\n               title=\"Christophe Colomb\"\n               data-src=\"http:\/\/andrenerman.com\/wp-content\/gallery\/colomb\/colomb_2.jpg\"\n               data-thumbnail=\"http:\/\/andrenerman.com\/wp-content\/gallery\/colomb\/thumbs\/thumbs_colomb_2.jpg\"\n               data-image-id=\"99\"\n               data-title=\"Christophe Colomb\"\n               data-description=\"Christophe Colomb\"\n               data-image-slug=\"christophe-colomb-13\"\n               class='thickbox' rel='1d04b1ea48b5c53ca4e0c47685f3df76'>\n                <img\n                    title=\"Christophe Colomb\"\n                    alt=\"Christophe Colomb\"\n                    src=\"http:\/\/andrenerman.com\/wp-content\/gallery\/colomb\/thumbs\/thumbs_colomb_2.jpg\"\n                    width=\"100\"\n                    height=\"75\"\n                    style=\"max-width:100%;\"\n                \/>\n            <\/a>\n        <\/div>\n\t\t\t\t\t\t\t<\/div> \n\t\t\t\n        \n\t\t\t\t<div id=\"ngg-image-3\" class=\"ngg-gallery-thumbnail-box\" >\n\t\t\t\t        <div class=\"ngg-gallery-thumbnail\">\n            <a href=\"http:\/\/andrenerman.com\/wp-content\/gallery\/colomb\/colomb-1.jpg\"\n               title=\"Christophe Colomb\"\n               data-src=\"http:\/\/andrenerman.com\/wp-content\/gallery\/colomb\/colomb-1.jpg\"\n               data-thumbnail=\"http:\/\/andrenerman.com\/wp-content\/gallery\/colomb\/thumbs\/thumbs_colomb-1.jpg\"\n               data-image-id=\"45\"\n               data-title=\"Christophe Colomb\"\n               data-description=\"Christophe Colomb\"\n               data-image-slug=\"christophe-colomb\"\n               class='thickbox' rel='1d04b1ea48b5c53ca4e0c47685f3df76'>\n                <img\n                    title=\"Christophe Colomb\"\n                    alt=\"Christophe Colomb\"\n                    src=\"http:\/\/andrenerman.com\/wp-content\/gallery\/colomb\/thumbs\/thumbs_colomb-1.jpg\"\n                    width=\"100\"\n                    height=\"75\"\n                    style=\"max-width:100%;\"\n                \/>\n            <\/a>\n        <\/div>\n\t\t\t\t\t\t\t<\/div> \n\t\t\t\n        \n\t\t\t\t<div id=\"ngg-image-4\" class=\"ngg-gallery-thumbnail-box\" >\n\t\t\t\t        <div class=\"ngg-gallery-thumbnail\">\n            <a href=\"http:\/\/andrenerman.com\/wp-content\/gallery\/colomb\/colomb-2-11.jpg\"\n               title=\"Christophe Colomb\"\n               data-src=\"http:\/\/andrenerman.com\/wp-content\/gallery\/colomb\/colomb-2-11.jpg\"\n               data-thumbnail=\"http:\/\/andrenerman.com\/wp-content\/gallery\/colomb\/thumbs\/thumbs_colomb-2-11.jpg\"\n               data-image-id=\"92\"\n               data-title=\"Christophe Colomb\"\n               data-description=\"Christophe Colomb\"\n               data-image-slug=\"christophe-colomb-6\"\n               class='thickbox' rel='1d04b1ea48b5c53ca4e0c47685f3df76'>\n                <img\n                    title=\"Christophe Colomb\"\n                    alt=\"Christophe Colomb\"\n                    src=\"http:\/\/andrenerman.com\/wp-content\/gallery\/colomb\/thumbs\/thumbs_colomb-2-11.jpg\"\n                    width=\"100\"\n                    height=\"75\"\n                    style=\"max-width:100%;\"\n                \/>\n            <\/a>\n        <\/div>\n\t\t\t\t\t\t\t<\/div> \n\t\t\t\n        \n\t\t\t\t<div id=\"ngg-image-5\" class=\"ngg-gallery-thumbnail-box\" >\n\t\t\t\t        <div class=\"ngg-gallery-thumbnail\">\n            <a href=\"http:\/\/andrenerman.com\/wp-content\/gallery\/colomb\/colomb4.jpg\"\n               title=\"Christophe Colomb\"\n               data-src=\"http:\/\/andrenerman.com\/wp-content\/gallery\/colomb\/colomb4.jpg\"\n               data-thumbnail=\"http:\/\/andrenerman.com\/wp-content\/gallery\/colomb\/thumbs\/thumbs_colomb4.jpg\"\n               data-image-id=\"47\"\n               data-title=\"Christophe Colomb\"\n               data-description=\"Christophe Colomb\"\n               data-image-slug=\"christophe-colomb-2\"\n               class='thickbox' rel='1d04b1ea48b5c53ca4e0c47685f3df76'>\n                <img\n                    title=\"Christophe Colomb\"\n                    alt=\"Christophe Colomb\"\n                    src=\"http:\/\/andrenerman.com\/wp-content\/gallery\/colomb\/thumbs\/thumbs_colomb4.jpg\"\n                    width=\"100\"\n                    height=\"75\"\n                    style=\"max-width:100%;\"\n                \/>\n            <\/a>\n        <\/div>\n\t\t\t\t\t\t\t<\/div> \n\t\t\t\n        \n\t\t\t\t<div id=\"ngg-image-6\" class=\"ngg-gallery-thumbnail-box\" >\n\t\t\t\t        <div class=\"ngg-gallery-thumbnail\">\n            <a href=\"http:\/\/andrenerman.com\/wp-content\/gallery\/colomb\/colomb-5.jpg\"\n               title=\"Christophe Colomb\"\n               data-src=\"http:\/\/andrenerman.com\/wp-content\/gallery\/colomb\/colomb-5.jpg\"\n               data-thumbnail=\"http:\/\/andrenerman.com\/wp-content\/gallery\/colomb\/thumbs\/thumbs_colomb-5.jpg\"\n               data-image-id=\"95\"\n               data-title=\"Christophe Colomb\"\n               data-description=\"Christophe Colomb\"\n               data-image-slug=\"christophe-colomb-9\"\n               class='thickbox' rel='1d04b1ea48b5c53ca4e0c47685f3df76'>\n                <img\n                    title=\"Christophe Colomb\"\n                    alt=\"Christophe Colomb\"\n                    src=\"http:\/\/andrenerman.com\/wp-content\/gallery\/colomb\/thumbs\/thumbs_colomb-5.jpg\"\n                    width=\"100\"\n                    height=\"75\"\n                    style=\"max-width:100%;\"\n                \/>\n            <\/a>\n        <\/div>\n\t\t\t\t\t\t\t<\/div> \n\t\t\t\n        \n\t\t\t\t<div id=\"ngg-image-7\" class=\"ngg-gallery-thumbnail-box\" >\n\t\t\t\t        <div class=\"ngg-gallery-thumbnail\">\n            <a href=\"http:\/\/andrenerman.com\/wp-content\/gallery\/colomb\/colomb-8.jpg\"\n               title=\"Christophe Colomb\"\n               data-src=\"http:\/\/andrenerman.com\/wp-content\/gallery\/colomb\/colomb-8.jpg\"\n               data-thumbnail=\"http:\/\/andrenerman.com\/wp-content\/gallery\/colomb\/thumbs\/thumbs_colomb-8.jpg\"\n               data-image-id=\"96\"\n               data-title=\"Christophe Colomb\"\n               data-description=\"Christophe Colomb\"\n               data-image-slug=\"christophe-colomb-10\"\n               class='thickbox' rel='1d04b1ea48b5c53ca4e0c47685f3df76'>\n                <img\n                    title=\"Christophe Colomb\"\n                    alt=\"Christophe Colomb\"\n                    src=\"http:\/\/andrenerman.com\/wp-content\/gallery\/colomb\/thumbs\/thumbs_colomb-8.jpg\"\n                    width=\"100\"\n                    height=\"75\"\n                    style=\"max-width:100%;\"\n                \/>\n            <\/a>\n        <\/div>\n\t\t\t\t\t\t\t<\/div> \n\t\t\t\n        \n\t\t\t\t<div id=\"ngg-image-8\" class=\"ngg-gallery-thumbnail-box\" >\n\t\t\t\t        <div class=\"ngg-gallery-thumbnail\">\n            <a href=\"http:\/\/andrenerman.com\/wp-content\/gallery\/colomb\/colomb-9.jpg\"\n               title=\"Christophe Colomb\"\n               data-src=\"http:\/\/andrenerman.com\/wp-content\/gallery\/colomb\/colomb-9.jpg\"\n               data-thumbnail=\"http:\/\/andrenerman.com\/wp-content\/gallery\/colomb\/thumbs\/thumbs_colomb-9.jpg\"\n               data-image-id=\"97\"\n               data-title=\"Christophe Colomb\"\n               data-description=\"Christophe Colomb\"\n               data-image-slug=\"christophe-colomb-11\"\n               class='thickbox' rel='1d04b1ea48b5c53ca4e0c47685f3df76'>\n                <img\n                    title=\"Christophe Colomb\"\n                    alt=\"Christophe Colomb\"\n                    src=\"http:\/\/andrenerman.com\/wp-content\/gallery\/colomb\/thumbs\/thumbs_colomb-9.jpg\"\n                    width=\"100\"\n                    height=\"75\"\n                    style=\"max-width:100%;\"\n                \/>\n            <\/a>\n        <\/div>\n\t\t\t\t\t\t\t<\/div> \n\t\t\t\n        \n\t\t\t\t<div id=\"ngg-image-9\" class=\"ngg-gallery-thumbnail-box\" >\n\t\t\t\t        <div class=\"ngg-gallery-thumbnail\">\n            <a href=\"http:\/\/andrenerman.com\/wp-content\/gallery\/colomb\/colomb-11.jpg\"\n               title=\"Christophe Colomb\"\n               data-src=\"http:\/\/andrenerman.com\/wp-content\/gallery\/colomb\/colomb-11.jpg\"\n               data-thumbnail=\"http:\/\/andrenerman.com\/wp-content\/gallery\/colomb\/thumbs\/thumbs_colomb-11.jpg\"\n               data-image-id=\"90\"\n               data-title=\"Christophe Colomb\"\n               data-description=\"Christophe Colomb\"\n               data-image-slug=\"christophe-colomb-4\"\n               class='thickbox' rel='1d04b1ea48b5c53ca4e0c47685f3df76'>\n                <img\n                    title=\"Christophe Colomb\"\n                    alt=\"Christophe Colomb\"\n                    src=\"http:\/\/andrenerman.com\/wp-content\/gallery\/colomb\/thumbs\/thumbs_colomb-11.jpg\"\n                    width=\"100\"\n                    height=\"75\"\n                    style=\"max-width:100%;\"\n                \/>\n            <\/a>\n        <\/div>\n\t\t\t\t\t\t\t<\/div> \n\t\t\t\n        \n\t\t\t\t<div id=\"ngg-image-10\" class=\"ngg-gallery-thumbnail-box\" >\n\t\t\t\t        <div class=\"ngg-gallery-thumbnail\">\n            <a href=\"http:\/\/andrenerman.com\/wp-content\/gallery\/colomb\/colomb-15.jpg\"\n               title=\"Christophe Colomb\"\n               data-src=\"http:\/\/andrenerman.com\/wp-content\/gallery\/colomb\/colomb-15.jpg\"\n               data-thumbnail=\"http:\/\/andrenerman.com\/wp-content\/gallery\/colomb\/thumbs\/thumbs_colomb-15.jpg\"\n               data-image-id=\"91\"\n               data-title=\"Christophe Colomb\"\n               data-description=\"Christophe Colomb\"\n               data-image-slug=\"christophe-colomb-5\"\n               class='thickbox' rel='1d04b1ea48b5c53ca4e0c47685f3df76'>\n                <img\n                    title=\"Christophe Colomb\"\n                    alt=\"Christophe Colomb\"\n                    src=\"http:\/\/andrenerman.com\/wp-content\/gallery\/colomb\/thumbs\/thumbs_colomb-15.jpg\"\n                    width=\"100\"\n                    height=\"75\"\n                    style=\"max-width:100%;\"\n                \/>\n            <\/a>\n        <\/div>\n\t\t\t\t\t\t\t<\/div> \n\t\t\t\n        \n\t\t\t\t<div id=\"ngg-image-11\" class=\"ngg-gallery-thumbnail-box\" >\n\t\t\t\t        <div class=\"ngg-gallery-thumbnail\">\n            <a href=\"http:\/\/andrenerman.com\/wp-content\/gallery\/colomb\/colomb-20.jpg\"\n               title=\"Christophe Colomb\"\n               data-src=\"http:\/\/andrenerman.com\/wp-content\/gallery\/colomb\/colomb-20.jpg\"\n               data-thumbnail=\"http:\/\/andrenerman.com\/wp-content\/gallery\/colomb\/thumbs\/thumbs_colomb-20.jpg\"\n               data-image-id=\"93\"\n               data-title=\"Christophe Colomb\"\n               data-description=\"Christophe Colomb\"\n               data-image-slug=\"christophe-colomb-7\"\n               class='thickbox' rel='1d04b1ea48b5c53ca4e0c47685f3df76'>\n                <img\n                    title=\"Christophe Colomb\"\n                    alt=\"Christophe Colomb\"\n                    src=\"http:\/\/andrenerman.com\/wp-content\/gallery\/colomb\/thumbs\/thumbs_colomb-20.jpg\"\n                    width=\"100\"\n                    height=\"75\"\n                    style=\"max-width:100%;\"\n                \/>\n            <\/a>\n        <\/div>\n\t\t\t\t\t\t\t<\/div> \n\t\t\t\n        \n\t\t\t\t<div id=\"ngg-image-12\" class=\"ngg-gallery-thumbnail-box\" >\n\t\t\t\t        <div class=\"ngg-gallery-thumbnail\">\n            <a href=\"http:\/\/andrenerman.com\/wp-content\/gallery\/colomb\/colomb-21.jpg\"\n               title=\"Christophe Colomb\"\n               data-src=\"http:\/\/andrenerman.com\/wp-content\/gallery\/colomb\/colomb-21.jpg\"\n               data-thumbnail=\"http:\/\/andrenerman.com\/wp-content\/gallery\/colomb\/thumbs\/thumbs_colomb-21.jpg\"\n               data-image-id=\"94\"\n               data-title=\"Christophe Colomb\"\n               data-description=\"Christophe Colomb\"\n               data-image-slug=\"christophe-colomb-8\"\n               class='thickbox' rel='1d04b1ea48b5c53ca4e0c47685f3df76'>\n                <img\n                    title=\"Christophe Colomb\"\n                    alt=\"Christophe Colomb\"\n                    src=\"http:\/\/andrenerman.com\/wp-content\/gallery\/colomb\/thumbs\/thumbs_colomb-21.jpg\"\n                    width=\"100\"\n                    height=\"75\"\n                    style=\"max-width:100%;\"\n                \/>\n            <\/a>\n        <\/div>\n\t\t\t\t\t\t\t<\/div> \n\t\t\t\n        \n\t\t\n\t\t<!-- Pagination -->\n\t<div class='ngg-clear'><\/div>\t<\/div>\n\n<h2>Critiques<\/h2>\n<p style=\"text-align: justify;\">\u00ab\u00a0La mise en sc\u00e8ne d\u2019Andr\u00e9 Nerman est subtile et pr\u00e9cise\u2026 Chaque \u00e9l\u00e9ment du d\u00e9cor, des costumes, chaque effet de lumi\u00e8re, chaque son, chaque silence, chaque image projet\u00e9e sur le mur en arri\u00e8re-plan du th\u00e9\u00e2tre a son r\u00f4le au m\u00eame titre que chaque acteur\u2026 On peut saisir une succession de tableaux mouvants, telle une oeuvre conceptuelle vivante se renouvelant \u00e0 l\u2019infini.\u00a0\u00bb<\/p>\n<p style=\"text-align: right;\"><em>Evelyne CLAUDE\u2013 LE FIGARO<\/em><\/p>\n<p style=\"text-align: justify;\">\u00ab\u00a0Pari tent\u00e9 et r\u00e9ussi\u2026 L\u2019originalit\u00e9 des projections imagin\u00e9es par Claudel, et respect\u00e9es par Andr\u00e9 Nerman, donne une ouverture suppl\u00e9mentaire \u00e0 ce huis clos d\u00e9pouill\u00e9 et chaleureux\u2026 Ajoutons le splendide monologue plein d\u2019\u00e9motion, finement m\u00eal\u00e9 de tendresse, de la Reine Isabelle, remarquablement interpr\u00e9t\u00e9 par Maxens Nerman. Elle couronne cette magnifique \u00e9vocation appr\u00e9ci\u00e9e des spectateurs am\u00e9ricains\u2026\u00bb<\/p>\n<p style=\"text-align: right;\"><em>Beno\u00eet CLAIR \u2013 RMC<\/em><\/p>\n<p style=\"text-align: left;\"><a class=\"fleche\" title=\"Mise en sc\u00e8ne\" href=\"http:\/\/andrenerman.com\/?page_id=163\" target=\"_self\" rel=\"noopener noreferrer\">Voir les autres mises en sc\u00e8ne<\/a><\/p>\n","protected":false},"excerpt":{"rendered":"<p>Le Livre de Christophe Colomb Avec Andr\u00e9 Nerman, Caroline Rabaliatti, G\u00e9rald Moral\u00e8s, Enrique Fiestas, Larissa Cholomova, Jos\u00e9 Cruz, Fr\u00e9d\u00e9ric Kontongom, Ludovic Pirazolli Critiques \u00ab\u00a0La mise en sc\u00e8ne d\u2019Andr\u00e9 Nerman est subtile et pr\u00e9cise\u2026 Chaque \u00e9l\u00e9ment du d\u00e9cor, des costumes, chaque effet de lumi\u00e8re, chaque son, chaque silence, chaque image projet\u00e9e sur le mur en arri\u00e8re-plan [&hellip;]<\/p>\n","protected":false},"author":1,"featured_media":0,"parent":163,"menu_order":0,"comment_status":"closed","ping_status":"closed","template":"","meta":{"ngg_post_thumbnail":0},"_links":{"self":[{"href":"http:\/\/andrenerman.com\/index.php?rest_route=\/wp\/v2\/pages\/413"}],"collection":[{"href":"http:\/\/andrenerman.com\/index.php?rest_route=\/wp\/v2\/pages"}],"about":[{"href":"http:\/\/andrenerman.com\/index.php?rest_route=\/wp\/v2\/types\/page"}],"author":[{"embeddable":true,"href":"http:\/\/andrenerman.com\/index.php?rest_route=\/wp\/v2\/users\/1"}],"replies":[{"embeddable":true,"href":"http:\/\/andrenerman.com\/index.php?rest_route=%2Fwp%2Fv2%2Fcomments&post=413"}],"version-history":[{"count":14,"href":"http:\/\/andrenerman.com\/index.php?rest_route=\/wp\/v2\/pages\/413\/revisions"}],"predecessor-version":[{"id":1952,"href":"http:\/\/andrenerman.com\/index.php?rest_route=\/wp\/v2\/pages\/413\/revisions\/1952"}],"up":[{"embeddable":true,"href":"http:\/\/andrenerman.com\/index.php?rest_route=\/wp\/v2\/pages\/163"}],"wp:attachment":[{"href":"http:\/\/andrenerman.com\/index.php?rest_route=%2Fwp%2Fv2%2Fmedia&parent=413"}],"curies":[{"name":"wp","href":"https:\/\/api.w.org\/{rel}","templated":true}]}}