{"id":214,"date":"2010-11-03T20:57:32","date_gmt":"2010-11-03T20:57:32","guid":{"rendered":"http:\/\/andrenerman.com\/?page_id=214"},"modified":"2021-04-09T09:24:09","modified_gmt":"2021-04-09T09:24:09","slug":"chansons","status":"publish","type":"page","link":"http:\/\/andrenerman.com\/?page_id=214","title":{"rendered":"Audio : chansons, po\u00e9sies, voix off"},"content":{"rendered":"\n<h2>Chansons<\/h2>\n\n\n\n<h4>Extraits de chansons, paroles et musique Andr\u00e9 Nerman (au piano Laurent Clergeau, \u00e0 la guitare Andr\u00e9 Nerman) :<\/h4>\n\n\n\n<table>\n<tbody>\n<tr>\n<td><div class=\"sc_player_container1\"><input type=\"button\" id=\"btnplay_69f28a5fcc3746.36344099\" class=\"myButton_play\" onClick=\"play_mp3('play','69f28a5fcc3746.36344099','http:\/\/andrenerman.com\/wp-content\/uploads\/chansons\/le-chateau-du-baron-de-lespee.mp3','80','false');show_hide('play','69f28a5fcc3746.36344099');\" \/><input type=\"button\"  id=\"btnstop_69f28a5fcc3746.36344099\" style=\"display:none\" class=\"myButton_stop\" onClick=\"play_mp3('stop','69f28a5fcc3746.36344099','','80','false');show_hide('stop','69f28a5fcc3746.36344099');\" \/><div id=\"sm2-container\"><!-- flash movie ends up here --><\/div><\/div><\/td>\n<td>Le ch\u00e2teau du Baron de l&rsquo;Esp\u00e9e<\/td>\n<\/tr>\n<tr>\n<td><div class=\"sc_player_container1\"><input type=\"button\" id=\"btnplay_69f28a5fcc3977.93321188\" class=\"myButton_play\" onClick=\"play_mp3('play','69f28a5fcc3977.93321188','http:\/\/andrenerman.com\/wp-content\/uploads\/chansons\/le-vieux-peintre.mp3','80','false');show_hide('play','69f28a5fcc3977.93321188');\" \/><input type=\"button\"  id=\"btnstop_69f28a5fcc3977.93321188\" style=\"display:none\" class=\"myButton_stop\" onClick=\"play_mp3('stop','69f28a5fcc3977.93321188','','80','false');show_hide('stop','69f28a5fcc3977.93321188');\" \/><div id=\"sm2-container\"><!-- flash movie ends up here --><\/div><\/div><\/td>\n<td>Le vieux peintre<\/td>\n<\/tr>\n<tr>\n<td><div class=\"sc_player_container1\"><input type=\"button\" id=\"btnplay_69f28a5fcc3af0.87449168\" class=\"myButton_play\" onClick=\"play_mp3('play','69f28a5fcc3af0.87449168','http:\/\/andrenerman.com\/wp-content\/uploads\/chansons\/les-vagues-tappellent.mp3','80','false');show_hide('play','69f28a5fcc3af0.87449168');\" \/><input type=\"button\"  id=\"btnstop_69f28a5fcc3af0.87449168\" style=\"display:none\" class=\"myButton_stop\" onClick=\"play_mp3('stop','69f28a5fcc3af0.87449168','','80','false');show_hide('stop','69f28a5fcc3af0.87449168');\" \/><div id=\"sm2-container\"><!-- flash movie ends up here --><\/div><\/div><\/td>\n<td>Les vagues t&rsquo;appellent<\/td>\n<\/tr>\n<tr>\n<td><div class=\"sc_player_container1\"><input type=\"button\" id=\"btnplay_69f28a5fcc3c50.18305583\" class=\"myButton_play\" onClick=\"play_mp3('play','69f28a5fcc3c50.18305583','http:\/\/andrenerman.com\/wp-content\/uploads\/chansons\/israeliennes.mp3','80','false');show_hide('play','69f28a5fcc3c50.18305583');\" \/><input type=\"button\"  id=\"btnstop_69f28a5fcc3c50.18305583\" style=\"display:none\" class=\"myButton_stop\" onClick=\"play_mp3('stop','69f28a5fcc3c50.18305583','','80','false');show_hide('stop','69f28a5fcc3c50.18305583');\" \/><div id=\"sm2-container\"><!-- flash movie ends up here --><\/div><\/div><\/td>\n<td>Israeliennes<\/td>\n<\/tr>\n<tr>\n<td><div class=\"sc_player_container1\"><input type=\"button\" id=\"btnplay_69f28a5fcc3d93.43298351\" class=\"myButton_play\" onClick=\"play_mp3('play','69f28a5fcc3d93.43298351','http:\/\/andrenerman.com\/wp-content\/uploads\/chansons\/different.mp3','80','false');show_hide('play','69f28a5fcc3d93.43298351');\" \/><input type=\"button\"  id=\"btnstop_69f28a5fcc3d93.43298351\" style=\"display:none\" class=\"myButton_stop\" onClick=\"play_mp3('stop','69f28a5fcc3d93.43298351','','80','false');show_hide('stop','69f28a5fcc3d93.43298351');\" \/><div id=\"sm2-container\"><!-- flash movie ends up here --><\/div><\/div><\/td>\n<td>Diff\u00e9rent<\/td>\n<\/tr>\n<tr>\n<td><div class=\"sc_player_container1\"><input type=\"button\" id=\"btnplay_69f28a5fcc3ed2.13390629\" class=\"myButton_play\" onClick=\"play_mp3('play','69f28a5fcc3ed2.13390629','http:\/\/andrenerman.com\/wp-content\/uploads\/chansons\/il-est-ne-a-bidart.mp3','80','false');show_hide('play','69f28a5fcc3ed2.13390629');\" \/><input type=\"button\"  id=\"btnstop_69f28a5fcc3ed2.13390629\" style=\"display:none\" class=\"myButton_stop\" onClick=\"play_mp3('stop','69f28a5fcc3ed2.13390629','','80','false');show_hide('stop','69f28a5fcc3ed2.13390629');\" \/><div id=\"sm2-container\"><!-- flash movie ends up here --><\/div><\/div><\/td>\n<td>Il est n\u00e9 \u00e0 Bidart<\/td>\n<\/tr>\n<tr>\n<td><div class=\"sc_player_container1\"><input type=\"button\" id=\"btnplay_69f28a5fcc4014.37754107\" class=\"myButton_play\" onClick=\"play_mp3('play','69f28a5fcc4014.37754107','http:\/\/andrenerman.com\/wp-content\/uploads\/chansons\/les-enfants-abandonnes.mp3','80','false');show_hide('play','69f28a5fcc4014.37754107');\" \/><input type=\"button\"  id=\"btnstop_69f28a5fcc4014.37754107\" style=\"display:none\" class=\"myButton_stop\" onClick=\"play_mp3('stop','69f28a5fcc4014.37754107','','80','false');show_hide('stop','69f28a5fcc4014.37754107');\" \/><div id=\"sm2-container\"><!-- flash movie ends up here --><\/div><\/div><\/td>\n<td>Les enfants abandonn\u00e9s<\/td>\n<\/tr>\n<tr>\n<td><div class=\"sc_player_container1\"><input type=\"button\" id=\"btnplay_69f28a5fcc4149.80842581\" class=\"myButton_play\" onClick=\"play_mp3('play','69f28a5fcc4149.80842581','http:\/\/andrenerman.com\/wp-content\/uploads\/chansons\/sequoias.mp3','80','false');show_hide('play','69f28a5fcc4149.80842581');\" \/><input type=\"button\"  id=\"btnstop_69f28a5fcc4149.80842581\" style=\"display:none\" class=\"myButton_stop\" onClick=\"play_mp3('stop','69f28a5fcc4149.80842581','','80','false');show_hide('stop','69f28a5fcc4149.80842581');\" \/><div id=\"sm2-container\"><!-- flash movie ends up here --><\/div><\/div><\/td>\n<td>S\u00e9quoias<\/td>\n<\/tr>\n<tr>\n<td><div class=\"sc_player_container1\"><input type=\"button\" id=\"btnplay_69f28a5fcc4286.08958679\" class=\"myButton_play\" onClick=\"play_mp3('play','69f28a5fcc4286.08958679','http:\/\/andrenerman.com\/wp-content\/uploads\/chansons\/ces-soirs-la.mp3','80','false');show_hide('play','69f28a5fcc4286.08958679');\" \/><input type=\"button\"  id=\"btnstop_69f28a5fcc4286.08958679\" style=\"display:none\" class=\"myButton_stop\" onClick=\"play_mp3('stop','69f28a5fcc4286.08958679','','80','false');show_hide('stop','69f28a5fcc4286.08958679');\" \/><div id=\"sm2-container\"><!-- flash movie ends up here --><\/div><\/div><\/td>\n<td>Ces soirs l\u00e0<\/td>\n<\/tr>\n<tr>\n<td><div class=\"sc_player_container1\"><input type=\"button\" id=\"btnplay_69f28a5fcc43b7.83049713\" class=\"myButton_play\" onClick=\"play_mp3('play','69f28a5fcc43b7.83049713','http:\/\/andrenerman.com\/wp-content\/uploads\/chansons\/mon-pere-etait-un-templier.mp3','80','false');show_hide('play','69f28a5fcc43b7.83049713');\" \/><input type=\"button\"  id=\"btnstop_69f28a5fcc43b7.83049713\" style=\"display:none\" class=\"myButton_stop\" onClick=\"play_mp3('stop','69f28a5fcc43b7.83049713','','80','false');show_hide('stop','69f28a5fcc43b7.83049713');\" \/><div id=\"sm2-container\"><!-- flash movie ends up here --><\/div><\/div><\/td>\n<td>Mon p\u00e8re \u00e9tait un templier<\/td>\n<\/tr>\n<tr>\n<td><div class=\"sc_player_container1\"><input type=\"button\" id=\"btnplay_69f28a5fcc44e4.97401471\" class=\"myButton_play\" onClick=\"play_mp3('play','69f28a5fcc44e4.97401471','http:\/\/andrenerman.com\/wp-content\/uploads\/chansons\/ton-sourire.mp3','80','false');show_hide('play','69f28a5fcc44e4.97401471');\" \/><input type=\"button\"  id=\"btnstop_69f28a5fcc44e4.97401471\" style=\"display:none\" class=\"myButton_stop\" onClick=\"play_mp3('stop','69f28a5fcc44e4.97401471','','80','false');show_hide('stop','69f28a5fcc44e4.97401471');\" \/><div id=\"sm2-container\"><!-- flash movie ends up here --><\/div><\/div><\/td>\n<td>Ton sourire<\/td>\n<\/tr>\n<tr>\n<td><div class=\"sc_player_container1\"><input type=\"button\" id=\"btnplay_69f28a5fcc4616.07598520\" class=\"myButton_play\" onClick=\"play_mp3('play','69f28a5fcc4616.07598520','http:\/\/andrenerman.com\/wp-content\/uploads\/chansons\/je-tecris.mp3','80','false');show_hide('play','69f28a5fcc4616.07598520');\" \/><input type=\"button\"  id=\"btnstop_69f28a5fcc4616.07598520\" style=\"display:none\" class=\"myButton_stop\" onClick=\"play_mp3('stop','69f28a5fcc4616.07598520','','80','false');show_hide('stop','69f28a5fcc4616.07598520');\" \/><div id=\"sm2-container\"><!-- flash movie ends up here --><\/div><\/div><\/td>\n<td>Je t&rsquo;\u00e9cris<\/td>\n<\/tr>\n<tr>\n<td><div class=\"sc_player_container1\"><input type=\"button\" id=\"btnplay_69f28a5fcc4732.65662720\" class=\"myButton_play\" onClick=\"play_mp3('play','69f28a5fcc4732.65662720','http:\/\/andrenerman.com\/wp-content\/uploads\/chansons\/roland.mp3','80','false');show_hide('play','69f28a5fcc4732.65662720');\" \/><input type=\"button\"  id=\"btnstop_69f28a5fcc4732.65662720\" style=\"display:none\" class=\"myButton_stop\" onClick=\"play_mp3('stop','69f28a5fcc4732.65662720','','80','false');show_hide('stop','69f28a5fcc4732.65662720');\" \/><div id=\"sm2-container\"><!-- flash movie ends up here --><\/div><\/div><\/td>\n<td>Roland<\/td>\n<\/tr>\n<tr>\n<td><div class=\"sc_player_container1\"><input type=\"button\" id=\"btnplay_69f28a5fcc4865.46169023\" class=\"myButton_play\" onClick=\"play_mp3('play','69f28a5fcc4865.46169023','http:\/\/andrenerman.com\/wp-content\/uploads\/chansons\/tu-es-ma-plus-belle-vague.mp3','80','false');show_hide('play','69f28a5fcc4865.46169023');\" \/><input type=\"button\"  id=\"btnstop_69f28a5fcc4865.46169023\" style=\"display:none\" class=\"myButton_stop\" onClick=\"play_mp3('stop','69f28a5fcc4865.46169023','','80','false');show_hide('stop','69f28a5fcc4865.46169023');\" \/><div id=\"sm2-container\"><!-- flash movie ends up here --><\/div><\/div><\/td>\n<td>Tu es ma plus belle vague<\/td>\n<\/tr>\n<tr>\n<td><div class=\"sc_player_container1\"><input type=\"button\" id=\"btnplay_69f28a5fcc4980.54552230\" class=\"myButton_play\" onClick=\"play_mp3('play','69f28a5fcc4980.54552230','http:\/\/andrenerman.com\/wp-content\/uploads\/chansons\/osaka.mp3','80','false');show_hide('play','69f28a5fcc4980.54552230');\" \/><input type=\"button\"  id=\"btnstop_69f28a5fcc4980.54552230\" style=\"display:none\" class=\"myButton_stop\" onClick=\"play_mp3('stop','69f28a5fcc4980.54552230','','80','false');show_hide('stop','69f28a5fcc4980.54552230');\" \/><div id=\"sm2-container\"><!-- flash movie ends up here --><\/div><\/div><\/td>\n<td>Osaka<\/td>\n<\/tr>\n<tr>\n<td><div class=\"sc_player_container1\"><input type=\"button\" id=\"btnplay_69f28a5fcc4aa8.02153388\" class=\"myButton_play\" onClick=\"play_mp3('play','69f28a5fcc4aa8.02153388','http:\/\/andrenerman.com\/wp-content\/uploads\/chansons\/los-angeles.mp3','80','false');show_hide('play','69f28a5fcc4aa8.02153388');\" \/><input type=\"button\"  id=\"btnstop_69f28a5fcc4aa8.02153388\" style=\"display:none\" class=\"myButton_stop\" onClick=\"play_mp3('stop','69f28a5fcc4aa8.02153388','','80','false');show_hide('stop','69f28a5fcc4aa8.02153388');\" \/><div id=\"sm2-container\"><!-- flash movie ends up here --><\/div><\/div><\/td>\n<td>Los Angeles<\/td>\n<\/tr>\n<\/tbody><\/table>\n\n<p>&nbsp;<br>\n<img loading=\"lazy\" class=\"aligncenter\" title=\"limit\" src=\"http:\/\/andrenerman.com\/wp-content\/uploads\/2010\/11\/limit.gif\" alt=\"\" width=\"100\" height=\"10\"><br>\n&nbsp;<\/p>\n<h4>Andr\u00e9 Nerman chante Brel (au piano Laurent Clergeau, \u00e0 la guitare Andr\u00e9 Nerman) :<\/h4>\n<table><tbody>\n<tr>\n<td><div class=\"sc_player_container1\"><input type=\"button\" id=\"btnplay_69f28a5fcc4c65.23402055\" class=\"myButton_play\" onClick=\"play_mp3('play','69f28a5fcc4c65.23402055','http:\/\/andrenerman.com\/wp-content\/uploads\/chansons\/brel\/14brel.mp3','80','false');show_hide('play','69f28a5fcc4c65.23402055');\" \/><input type=\"button\"  id=\"btnstop_69f28a5fcc4c65.23402055\" style=\"display:none\" class=\"myButton_stop\" onClick=\"play_mp3('stop','69f28a5fcc4c65.23402055','','80','false');show_hide('stop','69f28a5fcc4c65.23402055');\" \/><div id=\"sm2-container\"><!-- flash movie ends up here --><\/div><\/div><\/td>\n<td>Mon enfance<\/td>\n<\/tr>\n<tr>\n<td><div class=\"sc_player_container1\"><input type=\"button\" id=\"btnplay_69f28a5fcc4d82.61006355\" class=\"myButton_play\" onClick=\"play_mp3('play','69f28a5fcc4d82.61006355','http:\/\/andrenerman.com\/wp-content\/uploads\/chansons\/brel\/15brel.mp3','80','false');show_hide('play','69f28a5fcc4d82.61006355');\" \/><input type=\"button\"  id=\"btnstop_69f28a5fcc4d82.61006355\" style=\"display:none\" class=\"myButton_stop\" onClick=\"play_mp3('stop','69f28a5fcc4d82.61006355','','80','false');show_hide('stop','69f28a5fcc4d82.61006355');\" \/><div id=\"sm2-container\"><!-- flash movie ends up here --><\/div><\/div><\/td>\n<td>Le plat pays<\/td>\n<\/tr>\n<tr>\n<td><div class=\"sc_player_container1\"><input type=\"button\" id=\"btnplay_69f28a5fcc4ed5.51380671\" class=\"myButton_play\" onClick=\"play_mp3('play','69f28a5fcc4ed5.51380671','http:\/\/andrenerman.com\/wp-content\/uploads\/chansons\/brel\/16brel.mp3','80','false');show_hide('play','69f28a5fcc4ed5.51380671');\" \/><input type=\"button\"  id=\"btnstop_69f28a5fcc4ed5.51380671\" style=\"display:none\" class=\"myButton_stop\" onClick=\"play_mp3('stop','69f28a5fcc4ed5.51380671','','80','false');show_hide('stop','69f28a5fcc4ed5.51380671');\" \/><div id=\"sm2-container\"><!-- flash movie ends up here --><\/div><\/div><\/td>\n<td>Amsterdam<\/td>\n<\/tr>\n<\/tbody><\/table>\n<p>&nbsp;<br>\n<img loading=\"lazy\" class=\"aligncenter\" title=\"limit\" src=\"http:\/\/andrenerman.com\/wp-content\/uploads\/2010\/11\/limit.gif\" alt=\"\" width=\"100\" height=\"10\"><br>\n&nbsp;<\/p>\n\n\n\n<h2>Po\u00e9sies<\/h2>\n\n\n\n<p>(Extraites de \u00ab&nbsp;Vive Voix&nbsp;\u00bb,&nbsp;<a rel=\"noreferrer noopener\" href=\"http:\/\/wheatoncollege.edu\/faculty\/kirkanderson.html\" target=\"_blank\">Kirk Anderson \u2013 Wheaton College USA<\/a>)<\/p>\n\n\n\n<table><tbody>\n<tr>\n<td><div class=\"sc_player_container1\"><input type=\"button\" id=\"btnplay_69f28a5fcc4fe6.27284701\" class=\"myButton_play\" onClick=\"play_mp3('play','69f28a5fcc4fe6.27284701','http:\/\/andrenerman.com\/wp-content\/uploads\/poesies\/01poesies.mp3','80','false');show_hide('play','69f28a5fcc4fe6.27284701');\" \/><input type=\"button\"  id=\"btnstop_69f28a5fcc4fe6.27284701\" style=\"display:none\" class=\"myButton_stop\" onClick=\"play_mp3('stop','69f28a5fcc4fe6.27284701','','80','false');show_hide('stop','69f28a5fcc4fe6.27284701');\" \/><div id=\"sm2-container\"><!-- flash movie ends up here --><\/div><\/div><\/td>\n<td>Po\u00e9sie 1<\/td>\n<\/tr>\n<tr>\n<td><div class=\"sc_player_container1\"><input type=\"button\" id=\"btnplay_69f28a5fcc50f9.49904809\" class=\"myButton_play\" onClick=\"play_mp3('play','69f28a5fcc50f9.49904809','http:\/\/andrenerman.com\/wp-content\/uploads\/poesies\/02poesies.mp3','80','false');show_hide('play','69f28a5fcc50f9.49904809');\" \/><input type=\"button\"  id=\"btnstop_69f28a5fcc50f9.49904809\" style=\"display:none\" class=\"myButton_stop\" onClick=\"play_mp3('stop','69f28a5fcc50f9.49904809','','80','false');show_hide('stop','69f28a5fcc50f9.49904809');\" \/><div id=\"sm2-container\"><!-- flash movie ends up here --><\/div><\/div><\/td>\n<td>Po\u00e9sie 2<\/td>\n<\/tr>\n<tr>\n<td><div class=\"sc_player_container1\"><input type=\"button\" id=\"btnplay_69f28a5fcc51f8.48576413\" class=\"myButton_play\" onClick=\"play_mp3('play','69f28a5fcc51f8.48576413','http:\/\/andrenerman.com\/wp-content\/uploads\/poesies\/03poesies.mp3','80','false');show_hide('play','69f28a5fcc51f8.48576413');\" \/><input type=\"button\"  id=\"btnstop_69f28a5fcc51f8.48576413\" style=\"display:none\" class=\"myButton_stop\" onClick=\"play_mp3('stop','69f28a5fcc51f8.48576413','','80','false');show_hide('stop','69f28a5fcc51f8.48576413');\" \/><div id=\"sm2-container\"><!-- flash movie ends up here --><\/div><\/div><\/td>\n<td>Po\u00e9sie 3<\/td>\n<\/tr>\n<tr>\n<td><div class=\"sc_player_container1\"><input type=\"button\" id=\"btnplay_69f28a5fcc5307.27783497\" class=\"myButton_play\" onClick=\"play_mp3('play','69f28a5fcc5307.27783497','http:\/\/andrenerman.com\/wp-content\/uploads\/poesies\/04poesies.mp3','80','false');show_hide('play','69f28a5fcc5307.27783497');\" \/><input type=\"button\"  id=\"btnstop_69f28a5fcc5307.27783497\" style=\"display:none\" class=\"myButton_stop\" onClick=\"play_mp3('stop','69f28a5fcc5307.27783497','','80','false');show_hide('stop','69f28a5fcc5307.27783497');\" \/><div id=\"sm2-container\"><!-- flash movie ends up here --><\/div><\/div><\/td>\n<td>Po\u00e9sie 4<\/td>\n<\/tr>\n<\/tbody><\/table>\n<p>&nbsp;<br>\n<img loading=\"lazy\" class=\"aligncenter\" title=\"limit\" src=\"http:\/\/andrenerman.com\/wp-content\/uploads\/2010\/11\/limit.gif\" alt=\"\" width=\"100\" height=\"10\"><br>\n&nbsp;<\/p>\n\n\n\n<h2>Voix off<\/h2>\n\n\n\n<table><tbody>\n<tr>\n<td><div class=\"sc_player_container1\"><input type=\"button\" id=\"btnplay_69f28a5fcc5401.14327154\" class=\"myButton_play\" onClick=\"play_mp3('play','69f28a5fcc5401.14327154','http:\/\/andrenerman.com\/wp-content\/uploads\/voix\/demo_voix_04-2021.mp3','80','false');show_hide('play','69f28a5fcc5401.14327154');\" \/><input type=\"button\"  id=\"btnstop_69f28a5fcc5401.14327154\" style=\"display:none\" class=\"myButton_stop\" onClick=\"play_mp3('stop','69f28a5fcc5401.14327154','','80','false');show_hide('stop','69f28a5fcc5401.14327154');\" \/><div id=\"sm2-container\"><!-- flash movie ends up here --><\/div><\/div><\/td>\n<td>D\u00e9mo voix off<\/td>\n<\/tr>\n<\/tbody><\/table>\n\n\n\n<h4>Extrait des Ballets de l\u2019Op\u00e9ra de Lyon diffus\u00e9 sur France 2 le 6 juin 2011 :<\/h4>\n\n\n\n<iframe width=\"560\" height=\"315\" src=\"https:\/\/www.youtube.com\/embed\/jxtNNAfKhnY\" frameborder=\"0\" allow=\"accelerometer; autoplay; encrypted-media; gyroscope; picture-in-picture\" allowfullscreen=\"\"><\/iframe>\n","protected":false},"excerpt":{"rendered":"<p>Chansons Extraits de chansons, paroles et musique Andr\u00e9 Nerman (au piano Laurent Clergeau, \u00e0 la guitare Andr\u00e9 Nerman) : Le ch\u00e2teau du Baron de l&rsquo;Esp\u00e9e Le vieux peintre Les vagues t&rsquo;appellent Israeliennes Diff\u00e9rent Il est n\u00e9 \u00e0 Bidart Les enfants abandonn\u00e9s S\u00e9quoias Ces soirs l\u00e0 Mon p\u00e8re \u00e9tait un templier Ton sourire Je t&rsquo;\u00e9cris Roland [&hellip;]<\/p>\n","protected":false},"author":1,"featured_media":0,"parent":0,"menu_order":6,"comment_status":"closed","ping_status":"closed","template":"","meta":{"ngg_post_thumbnail":0},"_links":{"self":[{"href":"http:\/\/andrenerman.com\/index.php?rest_route=\/wp\/v2\/pages\/214"}],"collection":[{"href":"http:\/\/andrenerman.com\/index.php?rest_route=\/wp\/v2\/pages"}],"about":[{"href":"http:\/\/andrenerman.com\/index.php?rest_route=\/wp\/v2\/types\/page"}],"author":[{"embeddable":true,"href":"http:\/\/andrenerman.com\/index.php?rest_route=\/wp\/v2\/users\/1"}],"replies":[{"embeddable":true,"href":"http:\/\/andrenerman.com\/index.php?rest_route=%2Fwp%2Fv2%2Fcomments&post=214"}],"version-history":[{"count":111,"href":"http:\/\/andrenerman.com\/index.php?rest_route=\/wp\/v2\/pages\/214\/revisions"}],"predecessor-version":[{"id":2255,"href":"http:\/\/andrenerman.com\/index.php?rest_route=\/wp\/v2\/pages\/214\/revisions\/2255"}],"wp:attachment":[{"href":"http:\/\/andrenerman.com\/index.php?rest_route=%2Fwp%2Fv2%2Fmedia&parent=214"}],"curies":[{"name":"wp","href":"https:\/\/api.w.org\/{rel}","templated":true}]}}