{"id":1813,"date":"2020-04-11T20:25:56","date_gmt":"2020-04-11T20:25:56","guid":{"rendered":"http:\/\/andrenerman.com\/?page_id=1813"},"modified":"2020-04-13T17:26:01","modified_gmt":"2020-04-13T17:26:01","slug":"terre-des-hommes","status":"publish","type":"page","link":"http:\/\/andrenerman.com\/?page_id=1813","title":{"rendered":"Terre des hommes"},"content":{"rendered":"\n<p>Avec <strong>Andr\u00e9 Nerman <\/strong>et <strong>Pascal Germain<\/strong><\/p>\n\n\n<!-- index.php -->\n<div\n\tclass=\"ngg-galleryoverview ngg-ajax-pagination-none\"\n\tid=\"ngg-gallery-111b368e550efdd7b038485f98d7ae51-1\">\n\n    \t\t<!-- Thumbnails -->\n\t\t\t\t<div id=\"ngg-image-0\" class=\"ngg-gallery-thumbnail-box\" >\n\t\t\t\t        <div class=\"ngg-gallery-thumbnail\">\n            <a href=\"http:\/\/andrenerman.com\/wp-content\/gallery\/terre-des-hommes\/Capture.PNG\"\n               title=\"Terre des hommes\"\n               data-src=\"http:\/\/andrenerman.com\/wp-content\/gallery\/terre-des-hommes\/Capture.PNG\"\n               data-thumbnail=\"http:\/\/andrenerman.com\/wp-content\/gallery\/terre-des-hommes\/thumbs\/thumbs_Capture.PNG\"\n               data-image-id=\"321\"\n               data-title=\"Terre des hommes\"\n               data-description=\"Terre des hommes\"\n               data-image-slug=\"capture\"\n               class='thickbox' rel='111b368e550efdd7b038485f98d7ae51'>\n                <img\n                    title=\"Terre des hommes\"\n                    alt=\"Terre des hommes\"\n                    src=\"http:\/\/andrenerman.com\/wp-content\/gallery\/terre-des-hommes\/thumbs\/thumbs_Capture.PNG\"\n                    width=\"100\"\n                    height=\"75\"\n                    style=\"max-width:100%;\"\n                \/>\n            <\/a>\n        <\/div>\n\t\t\t\t\t\t\t<\/div> \n\t\t\t\n        \n\t\t\t\t<div id=\"ngg-image-1\" class=\"ngg-gallery-thumbnail-box\" >\n\t\t\t\t        <div class=\"ngg-gallery-thumbnail\">\n            <a href=\"http:\/\/andrenerman.com\/wp-content\/gallery\/terre-des-hommes\/Capture1.PNG\"\n               title=\"Terre des hommes\"\n               data-src=\"http:\/\/andrenerman.com\/wp-content\/gallery\/terre-des-hommes\/Capture1.PNG\"\n               data-thumbnail=\"http:\/\/andrenerman.com\/wp-content\/gallery\/terre-des-hommes\/thumbs\/thumbs_Capture1.PNG\"\n               data-image-id=\"322\"\n               data-title=\"Terre des hommes\"\n               data-description=\"Terre des hommes\"\n               data-image-slug=\"capture1\"\n               class='thickbox' rel='111b368e550efdd7b038485f98d7ae51'>\n                <img\n                    title=\"Terre des hommes\"\n                    alt=\"Terre des hommes\"\n                    src=\"http:\/\/andrenerman.com\/wp-content\/gallery\/terre-des-hommes\/thumbs\/thumbs_Capture1.PNG\"\n                    width=\"100\"\n                    height=\"75\"\n                    style=\"max-width:100%;\"\n                \/>\n            <\/a>\n        <\/div>\n\t\t\t\t\t\t\t<\/div> \n\t\t\t\n        \n\t\t\t\t<div id=\"ngg-image-2\" class=\"ngg-gallery-thumbnail-box\" >\n\t\t\t\t        <div class=\"ngg-gallery-thumbnail\">\n            <a href=\"http:\/\/andrenerman.com\/wp-content\/gallery\/terre-des-hommes\/Capture2.PNG\"\n               title=\"Terre des hommes\"\n               data-src=\"http:\/\/andrenerman.com\/wp-content\/gallery\/terre-des-hommes\/Capture2.PNG\"\n               data-thumbnail=\"http:\/\/andrenerman.com\/wp-content\/gallery\/terre-des-hommes\/thumbs\/thumbs_Capture2.PNG\"\n               data-image-id=\"323\"\n               data-title=\"Terre des hommes\"\n               data-description=\"Terre des hommes\"\n               data-image-slug=\"capture2\"\n               class='thickbox' rel='111b368e550efdd7b038485f98d7ae51'>\n                <img\n                    title=\"Terre des hommes\"\n                    alt=\"Terre des hommes\"\n                    src=\"http:\/\/andrenerman.com\/wp-content\/gallery\/terre-des-hommes\/thumbs\/thumbs_Capture2.PNG\"\n                    width=\"100\"\n                    height=\"75\"\n                    style=\"max-width:100%;\"\n                \/>\n            <\/a>\n        <\/div>\n\t\t\t\t\t\t\t<\/div> \n\t\t\t\n        \n\t\t\t\t<div id=\"ngg-image-3\" class=\"ngg-gallery-thumbnail-box\" >\n\t\t\t\t        <div class=\"ngg-gallery-thumbnail\">\n            <a href=\"http:\/\/andrenerman.com\/wp-content\/gallery\/terre-des-hommes\/Capture3.PNG\"\n               title=\"Terre des hommes\"\n               data-src=\"http:\/\/andrenerman.com\/wp-content\/gallery\/terre-des-hommes\/Capture3.PNG\"\n               data-thumbnail=\"http:\/\/andrenerman.com\/wp-content\/gallery\/terre-des-hommes\/thumbs\/thumbs_Capture3.PNG\"\n               data-image-id=\"324\"\n               data-title=\"Terre des hommes\"\n               data-description=\"Terre des hommes\"\n               data-image-slug=\"capture3\"\n               class='thickbox' rel='111b368e550efdd7b038485f98d7ae51'>\n                <img\n                    title=\"Terre des hommes\"\n                    alt=\"Terre des hommes\"\n                    src=\"http:\/\/andrenerman.com\/wp-content\/gallery\/terre-des-hommes\/thumbs\/thumbs_Capture3.PNG\"\n                    width=\"100\"\n                    height=\"75\"\n                    style=\"max-width:100%;\"\n                \/>\n            <\/a>\n        <\/div>\n\t\t\t\t\t\t\t<\/div> \n\t\t\t\n        \n\t\t\n\t\t<!-- Pagination -->\n\t<div class='ngg-clear'><\/div>\t<\/div>\n\n\n\n<p><img loading=\"lazy\" class=\"aligncenter\" title=\"limit\" src=\"http:\/\/andrenerman.com\/wp-content\/uploads\/2010\/11\/limit.gif\" alt=\"\" width=\"100\" height=\"10\"><br>\n&nbsp;<iframe width=\"560\" height=\"315\" src=\"https:\/\/www.youtube.com\/embed\/Vf-MP-ZZTVQ\" frameborder=\"0\" allow=\"accelerometer; autoplay; encrypted-media; gyroscope; picture-in-picture\" allowfullscreen=\"\"><\/iframe><\/p>\n<p><img loading=\"lazy\" class=\"aligncenter\" title=\"limit\" src=\"http:\/\/andrenerman.com\/wp-content\/uploads\/2010\/11\/limit.gif\" alt=\"\" width=\"100\" height=\"10\"><br>\n&nbsp;<\/p>\n\n\n<p class=\"has-text-align-center\"><a class=\"fleche2\" title=\"Dossier de presse - Terre des hommes\" href=\"wp-content\/uploads\/2020\/04\/presse-terre.pdf\">T\u00e9l\u00e9charger le<strong>&nbsp;dossier de presse complet<\/strong><\/a> (.pdf)<\/p>\n\n\n\n<p><span style=\"font-weight: normal; font-size: 13px;\"><a class=\"fleche\" title=\"Mise en sc\u00e8ne\" href=\"http:\/\/andrenerman.com\/?page_id=163\" target=\"_self\" rel=\"noopener noreferrer\">Voir les autres mises en sc\u00e8ne<\/a><\/span><\/p>\n\n\n\n<p><\/p>\n","protected":false},"excerpt":{"rendered":"<p>Avec Andr\u00e9 Nerman et Pascal Germain &nbsp; &nbsp; T\u00e9l\u00e9charger le&nbsp;dossier de presse complet (.pdf) Voir les autres mises en sc\u00e8ne<\/p>\n","protected":false},"author":1,"featured_media":0,"parent":163,"menu_order":0,"comment_status":"closed","ping_status":"closed","template":"","meta":{"ngg_post_thumbnail":0},"_links":{"self":[{"href":"http:\/\/andrenerman.com\/index.php?rest_route=\/wp\/v2\/pages\/1813"}],"collection":[{"href":"http:\/\/andrenerman.com\/index.php?rest_route=\/wp\/v2\/pages"}],"about":[{"href":"http:\/\/andrenerman.com\/index.php?rest_route=\/wp\/v2\/types\/page"}],"author":[{"embeddable":true,"href":"http:\/\/andrenerman.com\/index.php?rest_route=\/wp\/v2\/users\/1"}],"replies":[{"embeddable":true,"href":"http:\/\/andrenerman.com\/index.php?rest_route=%2Fwp%2Fv2%2Fcomments&post=1813"}],"version-history":[{"count":3,"href":"http:\/\/andrenerman.com\/index.php?rest_route=\/wp\/v2\/pages\/1813\/revisions"}],"predecessor-version":[{"id":1917,"href":"http:\/\/andrenerman.com\/index.php?rest_route=\/wp\/v2\/pages\/1813\/revisions\/1917"}],"up":[{"embeddable":true,"href":"http:\/\/andrenerman.com\/index.php?rest_route=\/wp\/v2\/pages\/163"}],"wp:attachment":[{"href":"http:\/\/andrenerman.com\/index.php?rest_route=%2Fwp%2Fv2%2Fmedia&parent=1813"}],"curies":[{"name":"wp","href":"https:\/\/api.w.org\/{rel}","templated":true}]}}