{"id":1790,"date":"2020-04-11T20:07:49","date_gmt":"2020-04-11T20:07:49","guid":{"rendered":"http:\/\/andrenerman.com\/?page_id=1790"},"modified":"2020-04-21T11:09:33","modified_gmt":"2020-04-21T11:09:33","slug":"la-chute","status":"publish","type":"page","link":"http:\/\/andrenerman.com\/?page_id=1790","title":{"rendered":"La chute"},"content":{"rendered":"\n<p>Avec <strong>Nicola Ayoub <\/strong>et <strong>Andr\u00e9 Nerman<\/strong><\/p>\n\n\n<!-- index.php -->\n<div\n\tclass=\"ngg-galleryoverview ngg-ajax-pagination-none\"\n\tid=\"ngg-gallery-9b1d8898e12e2af3e808a4d9d14ad58c-1\">\n\n    \t\t<!-- Thumbnails -->\n\t\t\t\t<div id=\"ngg-image-0\" class=\"ngg-gallery-thumbnail-box\" >\n\t\t\t\t        <div class=\"ngg-gallery-thumbnail\">\n            <a href=\"http:\/\/andrenerman.com\/wp-content\/gallery\/la-chute\/la-chute.PNG\"\n               title=\"La chute\"\n               data-src=\"http:\/\/andrenerman.com\/wp-content\/gallery\/la-chute\/la-chute.PNG\"\n               data-thumbnail=\"http:\/\/andrenerman.com\/wp-content\/gallery\/la-chute\/thumbs\/thumbs_la-chute.PNG\"\n               data-image-id=\"314\"\n               data-title=\"La chute\"\n               data-description=\"La chute\"\n               data-image-slug=\"la-chute\"\n               class='thickbox' rel='9b1d8898e12e2af3e808a4d9d14ad58c'>\n                <img\n                    title=\"La chute\"\n                    alt=\"La chute\"\n                    src=\"http:\/\/andrenerman.com\/wp-content\/gallery\/la-chute\/thumbs\/thumbs_la-chute.PNG\"\n                    width=\"100\"\n                    height=\"75\"\n                    style=\"max-width:100%;\"\n                \/>\n            <\/a>\n        <\/div>\n\t\t\t\t\t\t\t<\/div> \n\t\t\t\n        \n\t\t\t\t<div id=\"ngg-image-1\" class=\"ngg-gallery-thumbnail-box\" >\n\t\t\t\t        <div class=\"ngg-gallery-thumbnail\">\n            <a href=\"http:\/\/andrenerman.com\/wp-content\/gallery\/la-chute\/la-chute1.PNG\"\n               title=\"La chute\"\n               data-src=\"http:\/\/andrenerman.com\/wp-content\/gallery\/la-chute\/la-chute1.PNG\"\n               data-thumbnail=\"http:\/\/andrenerman.com\/wp-content\/gallery\/la-chute\/thumbs\/thumbs_la-chute1.PNG\"\n               data-image-id=\"315\"\n               data-title=\"La chute\"\n               data-description=\"La chute\"\n               data-image-slug=\"la-chute1\"\n               class='thickbox' rel='9b1d8898e12e2af3e808a4d9d14ad58c'>\n                <img\n                    title=\"La chute\"\n                    alt=\"La chute\"\n                    src=\"http:\/\/andrenerman.com\/wp-content\/gallery\/la-chute\/thumbs\/thumbs_la-chute1.PNG\"\n                    width=\"100\"\n                    height=\"75\"\n                    style=\"max-width:100%;\"\n                \/>\n            <\/a>\n        <\/div>\n\t\t\t\t\t\t\t<\/div> \n\t\t\t\n        \n\t\t\t\t<div id=\"ngg-image-2\" class=\"ngg-gallery-thumbnail-box\" >\n\t\t\t\t        <div class=\"ngg-gallery-thumbnail\">\n            <a href=\"http:\/\/andrenerman.com\/wp-content\/gallery\/la-chute\/la-chute2.PNG\"\n               title=\"La chute\"\n               data-src=\"http:\/\/andrenerman.com\/wp-content\/gallery\/la-chute\/la-chute2.PNG\"\n               data-thumbnail=\"http:\/\/andrenerman.com\/wp-content\/gallery\/la-chute\/thumbs\/thumbs_la-chute2.PNG\"\n               data-image-id=\"316\"\n               data-title=\"La chute\"\n               data-description=\"La chute\"\n               data-image-slug=\"la-chute2\"\n               class='thickbox' rel='9b1d8898e12e2af3e808a4d9d14ad58c'>\n                <img\n                    title=\"La chute\"\n                    alt=\"La chute\"\n                    src=\"http:\/\/andrenerman.com\/wp-content\/gallery\/la-chute\/thumbs\/thumbs_la-chute2.PNG\"\n                    width=\"100\"\n                    height=\"75\"\n                    style=\"max-width:100%;\"\n                \/>\n            <\/a>\n        <\/div>\n\t\t\t\t\t\t\t<\/div> \n\t\t\t\n        \n\t\t\t\t<div id=\"ngg-image-3\" class=\"ngg-gallery-thumbnail-box\" >\n\t\t\t\t        <div class=\"ngg-gallery-thumbnail\">\n            <a href=\"http:\/\/andrenerman.com\/wp-content\/gallery\/la-chute\/la-chute3.PNG\"\n               title=\"La chute\"\n               data-src=\"http:\/\/andrenerman.com\/wp-content\/gallery\/la-chute\/la-chute3.PNG\"\n               data-thumbnail=\"http:\/\/andrenerman.com\/wp-content\/gallery\/la-chute\/thumbs\/thumbs_la-chute3.PNG\"\n               data-image-id=\"317\"\n               data-title=\"La chute\"\n               data-description=\"La chute\"\n               data-image-slug=\"la-chute3\"\n               class='thickbox' rel='9b1d8898e12e2af3e808a4d9d14ad58c'>\n                <img\n                    title=\"La chute\"\n                    alt=\"La chute\"\n                    src=\"http:\/\/andrenerman.com\/wp-content\/gallery\/la-chute\/thumbs\/thumbs_la-chute3.PNG\"\n                    width=\"100\"\n                    height=\"75\"\n                    style=\"max-width:100%;\"\n                \/>\n            <\/a>\n        <\/div>\n\t\t\t\t\t\t\t<\/div> \n\t\t\t\n        \n\t\t\t\t<div id=\"ngg-image-4\" class=\"ngg-gallery-thumbnail-box\" >\n\t\t\t\t        <div class=\"ngg-gallery-thumbnail\">\n            <a href=\"http:\/\/andrenerman.com\/wp-content\/gallery\/la-chute\/la-chute4.PNG\"\n               title=\"La chute\"\n               data-src=\"http:\/\/andrenerman.com\/wp-content\/gallery\/la-chute\/la-chute4.PNG\"\n               data-thumbnail=\"http:\/\/andrenerman.com\/wp-content\/gallery\/la-chute\/thumbs\/thumbs_la-chute4.PNG\"\n               data-image-id=\"318\"\n               data-title=\"La chute\"\n               data-description=\"La chute\"\n               data-image-slug=\"la-chute4\"\n               class='thickbox' rel='9b1d8898e12e2af3e808a4d9d14ad58c'>\n                <img\n                    title=\"La chute\"\n                    alt=\"La chute\"\n                    src=\"http:\/\/andrenerman.com\/wp-content\/gallery\/la-chute\/thumbs\/thumbs_la-chute4.PNG\"\n                    width=\"100\"\n                    height=\"75\"\n                    style=\"max-width:100%;\"\n                \/>\n            <\/a>\n        <\/div>\n\t\t\t\t\t\t\t<\/div> \n\t\t\t\n        \n\t\t\t\t<div id=\"ngg-image-5\" class=\"ngg-gallery-thumbnail-box\" >\n\t\t\t\t        <div class=\"ngg-gallery-thumbnail\">\n            <a href=\"http:\/\/andrenerman.com\/wp-content\/gallery\/la-chute\/la-chute5.PNG\"\n               title=\"La chute\"\n               data-src=\"http:\/\/andrenerman.com\/wp-content\/gallery\/la-chute\/la-chute5.PNG\"\n               data-thumbnail=\"http:\/\/andrenerman.com\/wp-content\/gallery\/la-chute\/thumbs\/thumbs_la-chute5.PNG\"\n               data-image-id=\"319\"\n               data-title=\"La chute\"\n               data-description=\"La chute\"\n               data-image-slug=\"la-chute5\"\n               class='thickbox' rel='9b1d8898e12e2af3e808a4d9d14ad58c'>\n                <img\n                    title=\"La chute\"\n                    alt=\"La chute\"\n                    src=\"http:\/\/andrenerman.com\/wp-content\/gallery\/la-chute\/thumbs\/thumbs_la-chute5.PNG\"\n                    width=\"100\"\n                    height=\"75\"\n                    style=\"max-width:100%;\"\n                \/>\n            <\/a>\n        <\/div>\n\t\t\t\t\t\t\t<\/div> \n\t\t\t\n        \n\t\t\t\t<div id=\"ngg-image-6\" class=\"ngg-gallery-thumbnail-box\" >\n\t\t\t\t        <div class=\"ngg-gallery-thumbnail\">\n            <a href=\"http:\/\/andrenerman.com\/wp-content\/gallery\/la-chute\/la-chute6.PNG\"\n               title=\"La chute\"\n               data-src=\"http:\/\/andrenerman.com\/wp-content\/gallery\/la-chute\/la-chute6.PNG\"\n               data-thumbnail=\"http:\/\/andrenerman.com\/wp-content\/gallery\/la-chute\/thumbs\/thumbs_la-chute6.PNG\"\n               data-image-id=\"320\"\n               data-title=\"La chute\"\n               data-description=\"La chute\"\n               data-image-slug=\"la-chute6\"\n               class='thickbox' rel='9b1d8898e12e2af3e808a4d9d14ad58c'>\n                <img\n                    title=\"La chute\"\n                    alt=\"La chute\"\n                    src=\"http:\/\/andrenerman.com\/wp-content\/gallery\/la-chute\/thumbs\/thumbs_la-chute6.PNG\"\n                    width=\"100\"\n                    height=\"75\"\n                    style=\"max-width:100%;\"\n                \/>\n            <\/a>\n        <\/div>\n\t\t\t\t\t\t\t<\/div> \n\t\t\t\n        \n\t\t\n\t\t<!-- Pagination -->\n\t<div class='ngg-clear'><\/div>\t<\/div>\n\n\n\n<p><img loading=\"lazy\" class=\"aligncenter\" title=\"limit\" src=\"http:\/\/andrenerman.com\/wp-content\/uploads\/2010\/11\/limit.gif\" alt=\"\" width=\"100\" height=\"10\"><br>\n&nbsp;<\/p>\n<p><iframe width=\"560\" height=\"315\" src=\"https:\/\/www.youtube.com\/embed\/V632IO1iN6w\" frameborder=\"0\" allow=\"accelerometer; autoplay; encrypted-media; gyroscope; picture-in-picture\" allowfullscreen=\"\"><\/iframe><\/p>\n<p><img loading=\"lazy\" class=\"aligncenter\" title=\"limit\" src=\"http:\/\/andrenerman.com\/wp-content\/uploads\/2010\/11\/limit.gif\" alt=\"\" width=\"100\" height=\"10\"><br>\n&nbsp;<\/p>\n\n\n<p class=\"has-text-align-center\"><a class=\"fleche2\" title=\"Dossier de presse - La chute\" href=\"wp-content\/uploads\/2020\/04\/presse-la-chute.pdf\">T\u00e9l\u00e9charger le<strong>&nbsp;dossier de presse complet<\/strong><\/a> (.pdf)<\/p>\n\n\n\n<p><span style=\"font-weight: normal; font-size: 13px;\"><a class=\"fleche\" title=\"Mise en sc\u00e8ne\" href=\"http:\/\/andrenerman.com\/?page_id=163\" target=\"_self\" rel=\"noopener noreferrer\">Voir les autres mises en sc\u00e8ne<\/a><\/span><\/p>\n","protected":false},"excerpt":{"rendered":"<p>Avec Nicola Ayoub et Andr\u00e9 Nerman &nbsp; &nbsp; T\u00e9l\u00e9charger le&nbsp;dossier de presse complet (.pdf) Voir les autres mises en sc\u00e8ne<\/p>\n","protected":false},"author":1,"featured_media":0,"parent":163,"menu_order":0,"comment_status":"closed","ping_status":"closed","template":"","meta":{"ngg_post_thumbnail":0},"_links":{"self":[{"href":"http:\/\/andrenerman.com\/index.php?rest_route=\/wp\/v2\/pages\/1790"}],"collection":[{"href":"http:\/\/andrenerman.com\/index.php?rest_route=\/wp\/v2\/pages"}],"about":[{"href":"http:\/\/andrenerman.com\/index.php?rest_route=\/wp\/v2\/types\/page"}],"author":[{"embeddable":true,"href":"http:\/\/andrenerman.com\/index.php?rest_route=\/wp\/v2\/users\/1"}],"replies":[{"embeddable":true,"href":"http:\/\/andrenerman.com\/index.php?rest_route=%2Fwp%2Fv2%2Fcomments&post=1790"}],"version-history":[{"count":7,"href":"http:\/\/andrenerman.com\/index.php?rest_route=\/wp\/v2\/pages\/1790\/revisions"}],"predecessor-version":[{"id":1915,"href":"http:\/\/andrenerman.com\/index.php?rest_route=\/wp\/v2\/pages\/1790\/revisions\/1915"}],"up":[{"embeddable":true,"href":"http:\/\/andrenerman.com\/index.php?rest_route=\/wp\/v2\/pages\/163"}],"wp:attachment":[{"href":"http:\/\/andrenerman.com\/index.php?rest_route=%2Fwp%2Fv2%2Fmedia&parent=1790"}],"curies":[{"name":"wp","href":"https:\/\/api.w.org\/{rel}","templated":true}]}}