{"id":163,"date":"2010-11-01T20:49:56","date_gmt":"2010-11-01T20:49:56","guid":{"rendered":"http:\/\/andrenerman.com\/?page_id=163"},"modified":"2021-04-06T21:14:54","modified_gmt":"2021-04-06T21:14:54","slug":"mise-en-scene-2","status":"publish","type":"page","link":"http:\/\/andrenerman.com\/?page_id=163","title":{"rendered":"Mise en sc\u00e8ne"},"content":{"rendered":"<table border=\"0\">\n<tbody>\n<tr>\n<td><strong>2019<\/strong><\/td>\n<td><strong>La chute<\/strong> (Camus)<br \/>\nTh\u00e9\u00e2tre de Draveil<br \/>\nTourn\u00e9es USA et Canada<br \/>\n<a class=\"fleche\" title=\"La chute - Mise en sc\u00e8ne\" href=\"http:\/\/andrenerman.com\/?page_id=1790\">Voir les photos et le dossier de presse<\/a><\/td>\n<\/tr>\n<tr>\n<td><strong>2018<\/strong><\/td>\n<td><strong>Terre des hommes<\/strong> (St Exup\u00e9ry)<br \/>\nTourn\u00e9es USA et Canada<br \/>\n<a class=\"fleche\" title=\"Terre des hommes - Mise en sc\u00e8ne\" href=\"http:\/\/andrenerman.com\/?page_id=1813\">Voir les photos et le dossier de presse<\/a><\/td>\n<\/tr>\n<tr>\n<td><strong>2016<\/strong><\/td>\n<td><strong>Huis Clos<\/strong> (Sartre)<br \/>\nTourn\u00e9es USA et Canada<br \/>\n<a class=\"fleche\" title=\"Huis clos - Mise en sc\u00e8ne\" href=\"http:\/\/andrenerman.com\/?page_id=1521\">Voir les photos et le dossier de presse<\/a><\/td>\n<\/tr>\n<tr>\n<td><strong>2015<\/strong><\/td>\n<td><strong>La le\u00e7on<\/strong> (Ionesco)<br \/>\n<a class=\"fleche\" title=\"La le\u00e7on - Mise en sc\u00e8ne\" href=\"http:\/\/andrenerman.com\/?page_id=1381\" target=\"_self\" rel=\"noopener noreferrer\">Voir le dossier de presse<\/a><\/td>\n<\/tr>\n<tr>\n<td><strong>2014<\/strong><\/td>\n<td><strong>Apollinaire en 1914, Soldat et amoureux<\/strong><br \/>\n<a class=\"fleche\" title=\"Apollinaire en 1914, Soldat et amoureux - Mise en sc\u00e8ne\" href=\"http:\/\/andrenerman.com\/?page_id=1164\" target=\"_self\" rel=\"noopener noreferrer\">Voir les extraits audios<\/a><\/td>\n<\/tr>\n<tr>\n<td><strong>2013<\/strong><\/td>\n<td><strong>Un rapport sur la banalit\u00e9 de l\u2019amour<\/strong> (M.Diament)<br \/>\nTH. DE LA HUCHETTE \u2013 Paris<br \/>\nFestivals d\u2019Avignon 2017 et 2018<br \/>\nTourn\u00e9es France, USA, Suisse, Maroc<br \/>\n<a class=\"fleche\" title=\"Un rapport sur la banalit\u00e9 de l\u2019amour - Mise en sc\u00e8ne\" href=\"http:\/\/andrenerman.com\/?page_id=957\" target=\"_self\" rel=\"noopener noreferrer\">Voir le dossier de presse<\/a><\/td>\n<\/tr>\n<tr>\n<td><strong>2012<\/strong><\/td>\n<td><strong>Rappelle-toi Pr\u00e9vert<\/strong><br \/>\nTourn\u00e9es<br \/>\n<a class=\"fleche\" title=\"Rappelle-toi Pr\u00e9vert - Mise en sc\u00e8ne\" href=\"http:\/\/andrenerman.com\/?page_id=955\" target=\"_self\" rel=\"noopener noreferrer\">Voir le dossier de presse<\/a><\/td>\n<\/tr>\n<tr>\n<td rowspan=\"2\"><strong>2011<\/strong><\/td>\n<td><strong>La voix humaine<\/strong> (Cocteau)<br \/>\nTourn\u00e9es<br \/>\n<a class=\"fleche\" title=\"La voix humaine - Mise en sc\u00e8ne\" href=\"http:\/\/andrenerman.com\/?page_id=773\" target=\"_self\" rel=\"noopener noreferrer\">Voir les photos et dossier de presse<\/a><\/td>\n<\/tr>\n<tr>\n<td><strong>La peur des coups<\/strong> (Courteline)<br \/>\nTourn\u00e9es<\/td>\n<\/tr>\n<tr>\n<td rowspan=\"2\"><strong>2008<\/strong><\/td>\n<td><strong>Le Po\u00e8te Voyageur<\/strong><br \/>\nTourn\u00e9es<br \/>\nSCENE WATTEAU &#8211; Nogent sur marne (2009)<br \/>\nInstitut fran\u00e7ais de MARRAKECH (2010)<br \/>\n<a class=\"fleche\" title=\"Le po\u00e8te voyageur - Mise en sc\u00e8ne\" href=\"http:\/\/andrenerman.com\/?page_id=153\" target=\"_self\" rel=\"noopener noreferrer\">Voir les photos<\/a><\/td>\n<\/tr>\n<tr>\n<td><strong>Agn\u00e8s impromptue<\/strong> (P.Casadei)<br \/>\nTH. DU NORD OUEST &#8211; Paris<br \/>\n<a class=\"fleche\" title=\"Agn\u00e8s - Mise en sc\u00e8ne\" href=\"http:\/\/andrenerman.com\/?page_id=409\" target=\"_self\" rel=\"noopener noreferrer\">Voir les photos<\/a><\/td>\n<\/tr>\n<tr>\n<td rowspan=\"2\"><strong>2007<\/strong><\/td>\n<td><strong>Raconte-moi Paris (Musical)<\/strong><br \/>\nTourn\u00e9es<br \/>\n<a class=\"fleche\" title=\"Raconte-moi Paris - Mise en sc\u00e8ne\" href=\"http:\/\/andrenerman.com\/?page_id=424\" target=\"_self\" rel=\"noopener noreferrer\">Voir les photos<\/a><\/td>\n<\/tr>\n<tr>\n<td><strong>Barbe-Bleue (Musical)<\/strong><br \/>\nSUDDEN THEATRE &#8211; CINE 13 (2008) &#8211; Paris<br \/>\n<a class=\"fleche\" title=\"Barbe bleue - Mise en sc\u00e8ne\" href=\"http:\/\/andrenerman.com\/?page_id=412\" target=\"_self\" rel=\"noopener noreferrer\">Voir les photos et dossier de presse<\/a><\/td>\n<\/tr>\n<tr>\n<td rowspan=\"2\"><strong>2005<\/strong><\/td>\n<td><strong>L\u2019amour dans tous ses \u00e9tats (Musical)<\/strong><br \/>\nTourn\u00e9es<br \/>\n<a class=\"fleche\" title=\"L'amour dans tous ses \u00e9tats - Mise en sc\u00e8ne\" href=\"http:\/\/andrenerman.com\/?page_id=441\" target=\"_self\" rel=\"noopener noreferrer\">Voir les photos et dossier de presse<\/a><\/td>\n<\/tr>\n<tr>\n<td><strong>J\u2019accuse<\/strong> (d\u2019apr\u00e8s Zola)<br \/>\nTH. DU NORD OUEST &#8211; Paris<br \/>\nPICCOLO TH. &#8211; St Ouen<br \/>\nTourn\u00e9es<br \/>\n<a class=\"fleche\" title=\"J'accuse - Mise en sc\u00e8ne\" href=\"http:\/\/andrenerman.com\/?page_id=416\" target=\"_self\" rel=\"noopener noreferrer\">Voir les photos et dossier de presse<\/a><\/td>\n<\/tr>\n<tr>\n<td rowspan=\"2\">2004<\/td>\n<td><strong>Jacques Brel ou l\u2019Impossible R\u00eave (Musical)<\/strong><br \/>\nTH. TAMBOUR ROYAL &#8211; Paris (2005\/2006)<br \/>\nTourn\u00e9e RUSSIE (2005)<br \/>\nTourn\u00e9e FRANCE (2006\/2007\/2008\/2009\/2010)<br \/>\nTourn\u00e9e JAPON (2008)<br \/>\nESPACE LA COMEDIA &#8211; Paris (2008)<br \/>\nTourn\u00e9e MAROC (2009)<br \/>\nTHEATRE DAUNOU &#8211; Paris &#8211; (2010)<br \/>\n<a class=\"fleche\" title=\"Jacques Brel ou l'impossible r\u00eave - Mise en sc\u00e8ne\" href=\"http:\/\/andrenerman.com\/?page_id=156\" target=\"_self\" rel=\"noopener noreferrer\">Voir les photos et dossier de presse<\/a><\/td>\n<\/tr>\n<tr>\n<td><strong>Un certain Untel<\/strong> (T.Rita Lopes)<br \/>\nTH.CITE UNIVERSITAIRE<br \/>\nTourn\u00e9e<br \/>\nAvec <strong>Ana Knight<\/strong> et <strong>Andr\u00e9 Nerman<\/strong><br \/>\n<a class=\"fleche\" title=\"Un certain untel - Lusiadaprod.com\" href=\"http:\/\/www.lusiadaprod.com\/uncertain.html\" target=\"_blanc\" rel=\"noopener noreferrer\">http:\/\/www.lusiadaprod.com\/uncertain.html<br \/>\n<\/a><\/td>\n<\/tr>\n<tr>\n<td>2003<\/td>\n<td><strong>Moli\u00e8re amoureux<\/strong><br \/>\nTourn\u00e9es<br \/>\nTH.TAMBOUR ROYAL &#8211; Paris (2005)<br \/>\nVINGTIEME TH. &#8211; Paris(2006)<br \/>\n<a class=\"fleche\" title=\"Moli\u00e8re amoureux - Mise en sc\u00e8ne\" href=\"http:\/\/andrenerman.com\/?page_id=422\" target=\"_self\" rel=\"noopener noreferrer\">Voir les photos et dossier de presse<\/a><\/td>\n<\/tr>\n<tr>\n<td>2002<\/td>\n<td><strong>La musica deuxi\u00e8me<\/strong> (Duras)<br \/>\nTourn\u00e9es<br \/>\nTH.A.BOURVIL -Paris (2003)<br \/>\n<a class=\"fleche\" title=\"La musica deuxi\u00e8me - Mise en sc\u00e8ne\" href=\"http:\/\/andrenerman.com\/?page_id=418\" target=\"_self\" rel=\"noopener noreferrer\">Voir les photos et dossier de presse<\/a><\/td>\n<\/tr>\n<tr>\n<td>2001<\/td>\n<td><strong>Le Livre de Christophe Colomb<\/strong> (Claudel)<br \/>\nTH. DU NORD OUEST &#8211; Paris (2003)<br \/>\n<a class=\"fleche\" title=\"Christophe Colomb - Mise en sc\u00e8ne\" href=\"http:\/\/andrenerman.com\/?page_id=413\" target=\"_self\" rel=\"noopener noreferrer\">Voir les photos et dossier de presse<\/a><\/td>\n<\/tr>\n<tr>\n<td>1996<\/td>\n<td><strong>Les amours du th\u00e9\u00e2tre fran\u00e7ais<\/strong><br \/>\nTourn\u00e9es<br \/>\nTH.CITE UNIVERSITAIRE &#8211; Paris (1997)<br \/>\nAvec <strong>Andr\u00e9 Nerman<\/strong> ou <strong>C\u00e9dric Vallet<\/strong><br \/>\n<strong>Caroline Rabaliatti<\/strong> ou <strong>Daphn\u00e9 Rabas<\/strong><\/td>\n<\/tr>\n<\/tbody>\n<\/table>\n","protected":false},"excerpt":{"rendered":"<p>2019 La chute (Camus) Th\u00e9\u00e2tre de Draveil Tourn\u00e9es USA et Canada Voir les photos et le dossier de presse 2018 Terre des hommes (St Exup\u00e9ry) Tourn\u00e9es USA et Canada Voir les photos et le dossier de presse 2016 Huis Clos (Sartre) Tourn\u00e9es USA et Canada Voir les photos et le dossier de presse 2015 La [&hellip;]<\/p>\n","protected":false},"author":1,"featured_media":0,"parent":0,"menu_order":7,"comment_status":"closed","ping_status":"closed","template":"","meta":{"ngg_post_thumbnail":0},"_links":{"self":[{"href":"http:\/\/andrenerman.com\/index.php?rest_route=\/wp\/v2\/pages\/163"}],"collection":[{"href":"http:\/\/andrenerman.com\/index.php?rest_route=\/wp\/v2\/pages"}],"about":[{"href":"http:\/\/andrenerman.com\/index.php?rest_route=\/wp\/v2\/types\/page"}],"author":[{"embeddable":true,"href":"http:\/\/andrenerman.com\/index.php?rest_route=\/wp\/v2\/users\/1"}],"replies":[{"embeddable":true,"href":"http:\/\/andrenerman.com\/index.php?rest_route=%2Fwp%2Fv2%2Fcomments&post=163"}],"version-history":[{"count":44,"href":"http:\/\/andrenerman.com\/index.php?rest_route=\/wp\/v2\/pages\/163\/revisions"}],"predecessor-version":[{"id":2249,"href":"http:\/\/andrenerman.com\/index.php?rest_route=\/wp\/v2\/pages\/163\/revisions\/2249"}],"wp:attachment":[{"href":"http:\/\/andrenerman.com\/index.php?rest_route=%2Fwp%2Fv2%2Fmedia&parent=163"}],"curies":[{"name":"wp","href":"https:\/\/api.w.org\/{rel}","templated":true}]}}