{"id":1521,"date":"2017-06-06T20:39:46","date_gmt":"2017-06-06T20:39:46","guid":{"rendered":"http:\/\/andrenerman.com\/?page_id=1521"},"modified":"2021-04-06T19:15:05","modified_gmt":"2021-04-06T19:15:05","slug":"huis-clos","status":"publish","type":"page","link":"http:\/\/andrenerman.com\/?page_id=1521","title":{"rendered":"Huis clos"},"content":{"rendered":"<p>Avec <strong>Rapha\u00eblle Cambray, Charlotte Baglan et Andr\u00e9 Nerman<\/strong><\/p>\n<!-- index.php -->\n<div\n\tclass=\"ngg-galleryoverview ngg-ajax-pagination-none\"\n\tid=\"ngg-gallery-fc1243d90d3d23a02bbf558359ffda2c-1\">\n\n    \t\t<!-- Thumbnails -->\n\t\t\t\t<div id=\"ngg-image-0\" class=\"ngg-gallery-thumbnail-box\" >\n\t\t\t\t        <div class=\"ngg-gallery-thumbnail\">\n            <a href=\"http:\/\/andrenerman.com\/wp-content\/gallery\/huis-clos\/huis-clos-juin2016.jpg\"\n               title=\"Huis clos - Andr\u00e9 Nerman\"\n               data-src=\"http:\/\/andrenerman.com\/wp-content\/gallery\/huis-clos\/huis-clos-juin2016.jpg\"\n               data-thumbnail=\"http:\/\/andrenerman.com\/wp-content\/gallery\/huis-clos\/thumbs\/thumbs_huis-clos-juin2016.jpg\"\n               data-image-id=\"305\"\n               data-title=\"Huis clos - Andr\u00e9 Nerman\"\n               data-description=\"Huis clos - Andr\u00e9 Nerman\"\n               data-image-slug=\"huis-clos-juin2016\"\n               class='thickbox' rel='fc1243d90d3d23a02bbf558359ffda2c'>\n                <img\n                    title=\"Huis clos - Andr\u00e9 Nerman\"\n                    alt=\"Huis clos - Andr\u00e9 Nerman\"\n                    src=\"http:\/\/andrenerman.com\/wp-content\/gallery\/huis-clos\/thumbs\/thumbs_huis-clos-juin2016.jpg\"\n                    width=\"100\"\n                    height=\"75\"\n                    style=\"max-width:100%;\"\n                \/>\n            <\/a>\n        <\/div>\n\t\t\t\t\t\t\t<\/div> \n\t\t\t\n        \n\t\t\t\t<div id=\"ngg-image-1\" class=\"ngg-gallery-thumbnail-box\" >\n\t\t\t\t        <div class=\"ngg-gallery-thumbnail\">\n            <a href=\"http:\/\/andrenerman.com\/wp-content\/gallery\/huis-clos\/huis-clos-1.jpg\"\n               title=\"Huis clos - Andr\u00e9 Nerman\"\n               data-src=\"http:\/\/andrenerman.com\/wp-content\/gallery\/huis-clos\/huis-clos-1.jpg\"\n               data-thumbnail=\"http:\/\/andrenerman.com\/wp-content\/gallery\/huis-clos\/thumbs\/thumbs_huis-clos-1.jpg\"\n               data-image-id=\"297\"\n               data-title=\"Huis clos - Andr\u00e9 Nerman\"\n               data-description=\"Huis clos - Andr\u00e9 Nerman\"\n               data-image-slug=\"huis-clos-1\"\n               class='thickbox' rel='fc1243d90d3d23a02bbf558359ffda2c'>\n                <img\n                    title=\"Huis clos - Andr\u00e9 Nerman\"\n                    alt=\"Huis clos - Andr\u00e9 Nerman\"\n                    src=\"http:\/\/andrenerman.com\/wp-content\/gallery\/huis-clos\/thumbs\/thumbs_huis-clos-1.jpg\"\n                    width=\"100\"\n                    height=\"75\"\n                    style=\"max-width:100%;\"\n                \/>\n            <\/a>\n        <\/div>\n\t\t\t\t\t\t\t<\/div> \n\t\t\t\n        \n\t\t\t\t<div id=\"ngg-image-2\" class=\"ngg-gallery-thumbnail-box\" >\n\t\t\t\t        <div class=\"ngg-gallery-thumbnail\">\n            <a href=\"http:\/\/andrenerman.com\/wp-content\/gallery\/huis-clos\/huis-clos-2.jpg\"\n               title=\"Huis clos - Andr\u00e9 Nerman\"\n               data-src=\"http:\/\/andrenerman.com\/wp-content\/gallery\/huis-clos\/huis-clos-2.jpg\"\n               data-thumbnail=\"http:\/\/andrenerman.com\/wp-content\/gallery\/huis-clos\/thumbs\/thumbs_huis-clos-2.jpg\"\n               data-image-id=\"298\"\n               data-title=\"Huis clos - Andr\u00e9 Nerman\"\n               data-description=\"Huis clos - Andr\u00e9 Nerman\"\n               data-image-slug=\"huis-clos-2\"\n               class='thickbox' rel='fc1243d90d3d23a02bbf558359ffda2c'>\n                <img\n                    title=\"Huis clos - Andr\u00e9 Nerman\"\n                    alt=\"Huis clos - Andr\u00e9 Nerman\"\n                    src=\"http:\/\/andrenerman.com\/wp-content\/gallery\/huis-clos\/thumbs\/thumbs_huis-clos-2.jpg\"\n                    width=\"100\"\n                    height=\"75\"\n                    style=\"max-width:100%;\"\n                \/>\n            <\/a>\n        <\/div>\n\t\t\t\t\t\t\t<\/div> \n\t\t\t\n        \n\t\t\t\t<div id=\"ngg-image-3\" class=\"ngg-gallery-thumbnail-box\" >\n\t\t\t\t        <div class=\"ngg-gallery-thumbnail\">\n            <a href=\"http:\/\/andrenerman.com\/wp-content\/gallery\/huis-clos\/huis-clos-3.jpg\"\n               title=\"Huis clos - Andr\u00e9 Nerman\"\n               data-src=\"http:\/\/andrenerman.com\/wp-content\/gallery\/huis-clos\/huis-clos-3.jpg\"\n               data-thumbnail=\"http:\/\/andrenerman.com\/wp-content\/gallery\/huis-clos\/thumbs\/thumbs_huis-clos-3.jpg\"\n               data-image-id=\"299\"\n               data-title=\"Huis clos - Andr\u00e9 Nerman\"\n               data-description=\"Huis clos - Andr\u00e9 Nerman\"\n               data-image-slug=\"huis-clos-3\"\n               class='thickbox' rel='fc1243d90d3d23a02bbf558359ffda2c'>\n                <img\n                    title=\"Huis clos - Andr\u00e9 Nerman\"\n                    alt=\"Huis clos - Andr\u00e9 Nerman\"\n                    src=\"http:\/\/andrenerman.com\/wp-content\/gallery\/huis-clos\/thumbs\/thumbs_huis-clos-3.jpg\"\n                    width=\"100\"\n                    height=\"75\"\n                    style=\"max-width:100%;\"\n                \/>\n            <\/a>\n        <\/div>\n\t\t\t\t\t\t\t<\/div> \n\t\t\t\n        \n\t\t\t\t<div id=\"ngg-image-4\" class=\"ngg-gallery-thumbnail-box\" >\n\t\t\t\t        <div class=\"ngg-gallery-thumbnail\">\n            <a href=\"http:\/\/andrenerman.com\/wp-content\/gallery\/huis-clos\/huis-clos-4.jpg\"\n               title=\"Huis clos - Andr\u00e9 Nerman\"\n               data-src=\"http:\/\/andrenerman.com\/wp-content\/gallery\/huis-clos\/huis-clos-4.jpg\"\n               data-thumbnail=\"http:\/\/andrenerman.com\/wp-content\/gallery\/huis-clos\/thumbs\/thumbs_huis-clos-4.jpg\"\n               data-image-id=\"300\"\n               data-title=\"Huis clos - Andr\u00e9 Nerman\"\n               data-description=\"Huis clos - Andr\u00e9 Nerman\"\n               data-image-slug=\"huis-clos-4\"\n               class='thickbox' rel='fc1243d90d3d23a02bbf558359ffda2c'>\n                <img\n                    title=\"Huis clos - Andr\u00e9 Nerman\"\n                    alt=\"Huis clos - Andr\u00e9 Nerman\"\n                    src=\"http:\/\/andrenerman.com\/wp-content\/gallery\/huis-clos\/thumbs\/thumbs_huis-clos-4.jpg\"\n                    width=\"100\"\n                    height=\"75\"\n                    style=\"max-width:100%;\"\n                \/>\n            <\/a>\n        <\/div>\n\t\t\t\t\t\t\t<\/div> \n\t\t\t\n        \n\t\t\t\t<div id=\"ngg-image-5\" class=\"ngg-gallery-thumbnail-box\" >\n\t\t\t\t        <div class=\"ngg-gallery-thumbnail\">\n            <a href=\"http:\/\/andrenerman.com\/wp-content\/gallery\/huis-clos\/huis-clos-5.jpg\"\n               title=\"Huis clos - Andr\u00e9 Nerman\"\n               data-src=\"http:\/\/andrenerman.com\/wp-content\/gallery\/huis-clos\/huis-clos-5.jpg\"\n               data-thumbnail=\"http:\/\/andrenerman.com\/wp-content\/gallery\/huis-clos\/thumbs\/thumbs_huis-clos-5.jpg\"\n               data-image-id=\"301\"\n               data-title=\"Huis clos - Andr\u00e9 Nerman\"\n               data-description=\"Huis clos - Andr\u00e9 Nerman\"\n               data-image-slug=\"huis-clos-5\"\n               class='thickbox' rel='fc1243d90d3d23a02bbf558359ffda2c'>\n                <img\n                    title=\"Huis clos - Andr\u00e9 Nerman\"\n                    alt=\"Huis clos - Andr\u00e9 Nerman\"\n                    src=\"http:\/\/andrenerman.com\/wp-content\/gallery\/huis-clos\/thumbs\/thumbs_huis-clos-5.jpg\"\n                    width=\"100\"\n                    height=\"75\"\n                    style=\"max-width:100%;\"\n                \/>\n            <\/a>\n        <\/div>\n\t\t\t\t\t\t\t<\/div> \n\t\t\t\n        \n\t\t\t\t<div id=\"ngg-image-6\" class=\"ngg-gallery-thumbnail-box\" >\n\t\t\t\t        <div class=\"ngg-gallery-thumbnail\">\n            <a href=\"http:\/\/andrenerman.com\/wp-content\/gallery\/huis-clos\/huis-clos-6.jpg\"\n               title=\"Huis clos - Andr\u00e9 Nerman\"\n               data-src=\"http:\/\/andrenerman.com\/wp-content\/gallery\/huis-clos\/huis-clos-6.jpg\"\n               data-thumbnail=\"http:\/\/andrenerman.com\/wp-content\/gallery\/huis-clos\/thumbs\/thumbs_huis-clos-6.jpg\"\n               data-image-id=\"302\"\n               data-title=\"Huis clos - Andr\u00e9 Nerman\"\n               data-description=\"Huis clos - Andr\u00e9 Nerman\"\n               data-image-slug=\"huis-clos-6\"\n               class='thickbox' rel='fc1243d90d3d23a02bbf558359ffda2c'>\n                <img\n                    title=\"Huis clos - Andr\u00e9 Nerman\"\n                    alt=\"Huis clos - Andr\u00e9 Nerman\"\n                    src=\"http:\/\/andrenerman.com\/wp-content\/gallery\/huis-clos\/thumbs\/thumbs_huis-clos-6.jpg\"\n                    width=\"100\"\n                    height=\"75\"\n                    style=\"max-width:100%;\"\n                \/>\n            <\/a>\n        <\/div>\n\t\t\t\t\t\t\t<\/div> \n\t\t\t\n        \n\t\t\t\t<div id=\"ngg-image-7\" class=\"ngg-gallery-thumbnail-box\" >\n\t\t\t\t        <div class=\"ngg-gallery-thumbnail\">\n            <a href=\"http:\/\/andrenerman.com\/wp-content\/gallery\/huis-clos\/huis-clos-7.jpg\"\n               title=\"Huis clos - Andr\u00e9 Nerman\"\n               data-src=\"http:\/\/andrenerman.com\/wp-content\/gallery\/huis-clos\/huis-clos-7.jpg\"\n               data-thumbnail=\"http:\/\/andrenerman.com\/wp-content\/gallery\/huis-clos\/thumbs\/thumbs_huis-clos-7.jpg\"\n               data-image-id=\"303\"\n               data-title=\"Huis clos - Andr\u00e9 Nerman\"\n               data-description=\"Huis clos - Andr\u00e9 Nerman\"\n               data-image-slug=\"huis-clos-7\"\n               class='thickbox' rel='fc1243d90d3d23a02bbf558359ffda2c'>\n                <img\n                    title=\"Huis clos - Andr\u00e9 Nerman\"\n                    alt=\"Huis clos - Andr\u00e9 Nerman\"\n                    src=\"http:\/\/andrenerman.com\/wp-content\/gallery\/huis-clos\/thumbs\/thumbs_huis-clos-7.jpg\"\n                    width=\"100\"\n                    height=\"75\"\n                    style=\"max-width:100%;\"\n                \/>\n            <\/a>\n        <\/div>\n\t\t\t\t\t\t\t<\/div> \n\t\t\t\n        \n\t\t\t\t<div id=\"ngg-image-8\" class=\"ngg-gallery-thumbnail-box\" >\n\t\t\t\t        <div class=\"ngg-gallery-thumbnail\">\n            <a href=\"http:\/\/andrenerman.com\/wp-content\/gallery\/huis-clos\/huis-clos-8.jpg\"\n               title=\"Huis clos - Andr\u00e9 Nerman\"\n               data-src=\"http:\/\/andrenerman.com\/wp-content\/gallery\/huis-clos\/huis-clos-8.jpg\"\n               data-thumbnail=\"http:\/\/andrenerman.com\/wp-content\/gallery\/huis-clos\/thumbs\/thumbs_huis-clos-8.jpg\"\n               data-image-id=\"304\"\n               data-title=\"Huis clos - Andr\u00e9 Nerman\"\n               data-description=\"Huis clos - Andr\u00e9 Nerman\"\n               data-image-slug=\"huis-clos-8\"\n               class='thickbox' rel='fc1243d90d3d23a02bbf558359ffda2c'>\n                <img\n                    title=\"Huis clos - Andr\u00e9 Nerman\"\n                    alt=\"Huis clos - Andr\u00e9 Nerman\"\n                    src=\"http:\/\/andrenerman.com\/wp-content\/gallery\/huis-clos\/thumbs\/thumbs_huis-clos-8.jpg\"\n                    width=\"100\"\n                    height=\"75\"\n                    style=\"max-width:100%;\"\n                \/>\n            <\/a>\n        <\/div>\n\t\t\t\t\t\t\t<\/div> \n\t\t\t\n        \n\t\t\n\t\t<!-- Pagination -->\n\t<div class='ngg-clear'><\/div>\t<\/div>\n\n<p style=\"text-align: center;\"><a class=\"fleche2\" title=\"La le\u00e7on - Dossier de presse - 2016\" href=\"http:\/\/andrenerman.com\/wp-content\/uploads\/2017\/06\/presse-Huis-Clos.pdf\">T\u00e9l\u00e9charger le<strong> dossier de presse<\/strong> <strong>complet<\/strong><\/a> (.pdf)<\/p>\n<p><span style=\"font-weight: normal; font-size: 13px;\"><a class=\"fleche\" title=\"Mise en sc\u00e8ne\" href=\"http:\/\/andrenerman.com\/?page_id=163\" target=\"_self\" rel=\"noopener noreferrer\">Voir les autres mises en sc\u00e8ne<\/a><\/span><\/p>\n\n\n<p><\/p>\n","protected":false},"excerpt":{"rendered":"<p>Avec Rapha\u00eblle Cambray, Charlotte Baglan et Andr\u00e9 Nerman T\u00e9l\u00e9charger le dossier de presse complet (.pdf) Voir les autres mises en sc\u00e8ne<\/p>\n","protected":false},"author":1,"featured_media":0,"parent":163,"menu_order":0,"comment_status":"closed","ping_status":"closed","template":"","meta":{"ngg_post_thumbnail":0},"_links":{"self":[{"href":"http:\/\/andrenerman.com\/index.php?rest_route=\/wp\/v2\/pages\/1521"}],"collection":[{"href":"http:\/\/andrenerman.com\/index.php?rest_route=\/wp\/v2\/pages"}],"about":[{"href":"http:\/\/andrenerman.com\/index.php?rest_route=\/wp\/v2\/types\/page"}],"author":[{"embeddable":true,"href":"http:\/\/andrenerman.com\/index.php?rest_route=\/wp\/v2\/users\/1"}],"replies":[{"embeddable":true,"href":"http:\/\/andrenerman.com\/index.php?rest_route=%2Fwp%2Fv2%2Fcomments&post=1521"}],"version-history":[{"count":6,"href":"http:\/\/andrenerman.com\/index.php?rest_route=\/wp\/v2\/pages\/1521\/revisions"}],"predecessor-version":[{"id":2246,"href":"http:\/\/andrenerman.com\/index.php?rest_route=\/wp\/v2\/pages\/1521\/revisions\/2246"}],"up":[{"embeddable":true,"href":"http:\/\/andrenerman.com\/index.php?rest_route=\/wp\/v2\/pages\/163"}],"wp:attachment":[{"href":"http:\/\/andrenerman.com\/index.php?rest_route=%2Fwp%2Fv2%2Fmedia&parent=1521"}],"curies":[{"name":"wp","href":"https:\/\/api.w.org\/{rel}","templated":true}]}}