{"id":1381,"date":"2016-02-03T21:34:34","date_gmt":"2016-02-03T21:34:34","guid":{"rendered":"http:\/\/andrenerman.com\/?page_id=1381"},"modified":"2020-04-21T11:09:38","modified_gmt":"2020-04-21T11:09:38","slug":"la-lecon","status":"publish","type":"page","link":"http:\/\/andrenerman.com\/?page_id=1381","title":{"rendered":"La le\u00e7on"},"content":{"rendered":"<p>Avec <strong>Anna Jahjah, Andr\u00e9 Nerman et Sol\u00e8ne Rabas<\/strong><\/p>\n<!-- index.php -->\n<div\n\tclass=\"ngg-galleryoverview ngg-ajax-pagination-none\"\n\tid=\"ngg-gallery-0422ec73eb071a2235d493025dc5f288-1\">\n\n    \t\t<!-- Thumbnails -->\n\t\t\t\t<div id=\"ngg-image-0\" class=\"ngg-gallery-thumbnail-box\" >\n\t\t\t\t        <div class=\"ngg-gallery-thumbnail\">\n            <a href=\"http:\/\/andrenerman.com\/wp-content\/gallery\/lecon\/lecon.jpg\"\n               title=\"\"\n               data-src=\"http:\/\/andrenerman.com\/wp-content\/gallery\/lecon\/lecon.jpg\"\n               data-thumbnail=\"http:\/\/andrenerman.com\/wp-content\/gallery\/lecon\/thumbs\/thumbs_lecon.jpg\"\n               data-image-id=\"292\"\n               data-title=\"lecon\"\n               data-description=\"\"\n               data-image-slug=\"lecon-3\"\n               class='thickbox' rel='0422ec73eb071a2235d493025dc5f288'>\n                <img\n                    title=\"lecon\"\n                    alt=\"lecon\"\n                    src=\"http:\/\/andrenerman.com\/wp-content\/gallery\/lecon\/thumbs\/thumbs_lecon.jpg\"\n                    width=\"100\"\n                    height=\"75\"\n                    style=\"max-width:100%;\"\n                \/>\n            <\/a>\n        <\/div>\n\t\t\t\t\t\t\t<\/div> \n\t\t\t\n        \n\t\t\t\t<div id=\"ngg-image-1\" class=\"ngg-gallery-thumbnail-box\" >\n\t\t\t\t        <div class=\"ngg-gallery-thumbnail\">\n            <a href=\"http:\/\/andrenerman.com\/wp-content\/gallery\/lecon\/IMG_0031424.jpg\"\n               title=\"Cr\u00e9dit photo David Mount\"\n               data-src=\"http:\/\/andrenerman.com\/wp-content\/gallery\/lecon\/IMG_0031424.jpg\"\n               data-thumbnail=\"http:\/\/andrenerman.com\/wp-content\/gallery\/lecon\/thumbs\/thumbs_IMG_0031424.jpg\"\n               data-image-id=\"293\"\n               data-title=\"Andr\u00e9 Nerman\"\n               data-description=\"Cr\u00e9dit photo David Mount\"\n               data-image-slug=\"img_0031424\"\n               class='thickbox' rel='0422ec73eb071a2235d493025dc5f288'>\n                <img\n                    title=\"Andr\u00e9 Nerman\"\n                    alt=\"Andr\u00e9 Nerman\"\n                    src=\"http:\/\/andrenerman.com\/wp-content\/gallery\/lecon\/thumbs\/thumbs_IMG_0031424.jpg\"\n                    width=\"100\"\n                    height=\"75\"\n                    style=\"max-width:100%;\"\n                \/>\n            <\/a>\n        <\/div>\n\t\t\t\t\t\t\t<\/div> \n\t\t\t\n        \n\t\t\t\t<div id=\"ngg-image-2\" class=\"ngg-gallery-thumbnail-box\" >\n\t\t\t\t        <div class=\"ngg-gallery-thumbnail\">\n            <a href=\"http:\/\/andrenerman.com\/wp-content\/gallery\/lecon\/IMG_0031456.jpg\"\n               title=\"Cr\u00e9dit photo David Mount\"\n               data-src=\"http:\/\/andrenerman.com\/wp-content\/gallery\/lecon\/IMG_0031456.jpg\"\n               data-thumbnail=\"http:\/\/andrenerman.com\/wp-content\/gallery\/lecon\/thumbs\/thumbs_IMG_0031456.jpg\"\n               data-image-id=\"294\"\n               data-title=\"Andr\u00e9 Nerman\"\n               data-description=\"Cr\u00e9dit photo David Mount\"\n               data-image-slug=\"img_0031456\"\n               class='thickbox' rel='0422ec73eb071a2235d493025dc5f288'>\n                <img\n                    title=\"Andr\u00e9 Nerman\"\n                    alt=\"Andr\u00e9 Nerman\"\n                    src=\"http:\/\/andrenerman.com\/wp-content\/gallery\/lecon\/thumbs\/thumbs_IMG_0031456.jpg\"\n                    width=\"100\"\n                    height=\"75\"\n                    style=\"max-width:100%;\"\n                \/>\n            <\/a>\n        <\/div>\n\t\t\t\t\t\t\t<\/div> \n\t\t\t\n        \n\t\t\t\t<div id=\"ngg-image-3\" class=\"ngg-gallery-thumbnail-box\" >\n\t\t\t\t        <div class=\"ngg-gallery-thumbnail\">\n            <a href=\"http:\/\/andrenerman.com\/wp-content\/gallery\/lecon\/IMG_0031471.jpg\"\n               title=\"Cr\u00e9dit photo David Mount\"\n               data-src=\"http:\/\/andrenerman.com\/wp-content\/gallery\/lecon\/IMG_0031471.jpg\"\n               data-thumbnail=\"http:\/\/andrenerman.com\/wp-content\/gallery\/lecon\/thumbs\/thumbs_IMG_0031471.jpg\"\n               data-image-id=\"295\"\n               data-title=\"Andr\u00e9 Nerman\"\n               data-description=\"Cr\u00e9dit photo David Mount\"\n               data-image-slug=\"img_0031471\"\n               class='thickbox' rel='0422ec73eb071a2235d493025dc5f288'>\n                <img\n                    title=\"Andr\u00e9 Nerman\"\n                    alt=\"Andr\u00e9 Nerman\"\n                    src=\"http:\/\/andrenerman.com\/wp-content\/gallery\/lecon\/thumbs\/thumbs_IMG_0031471.jpg\"\n                    width=\"100\"\n                    height=\"75\"\n                    style=\"max-width:100%;\"\n                \/>\n            <\/a>\n        <\/div>\n\t\t\t\t\t\t\t<\/div> \n\t\t\t\n        \n\t\t\t\t<div id=\"ngg-image-4\" class=\"ngg-gallery-thumbnail-box\" >\n\t\t\t\t        <div class=\"ngg-gallery-thumbnail\">\n            <a href=\"http:\/\/andrenerman.com\/wp-content\/gallery\/lecon\/lecon-1.jpg\"\n               title=\"\"\n               data-src=\"http:\/\/andrenerman.com\/wp-content\/gallery\/lecon\/lecon-1.jpg\"\n               data-thumbnail=\"http:\/\/andrenerman.com\/wp-content\/gallery\/lecon\/thumbs\/thumbs_lecon-1.jpg\"\n               data-image-id=\"290\"\n               data-title=\"lecon-1\"\n               data-description=\"\"\n               data-image-slug=\"lecon-1\"\n               class='thickbox' rel='0422ec73eb071a2235d493025dc5f288'>\n                <img\n                    title=\"lecon-1\"\n                    alt=\"lecon-1\"\n                    src=\"http:\/\/andrenerman.com\/wp-content\/gallery\/lecon\/thumbs\/thumbs_lecon-1.jpg\"\n                    width=\"100\"\n                    height=\"75\"\n                    style=\"max-width:100%;\"\n                \/>\n            <\/a>\n        <\/div>\n\t\t\t\t\t\t\t<\/div> \n\t\t\t\n        \n\t\t\t\t<div id=\"ngg-image-5\" class=\"ngg-gallery-thumbnail-box\" >\n\t\t\t\t        <div class=\"ngg-gallery-thumbnail\">\n            <a href=\"http:\/\/andrenerman.com\/wp-content\/gallery\/lecon\/lecon-2.jpg\"\n               title=\"\"\n               data-src=\"http:\/\/andrenerman.com\/wp-content\/gallery\/lecon\/lecon-2.jpg\"\n               data-thumbnail=\"http:\/\/andrenerman.com\/wp-content\/gallery\/lecon\/thumbs\/thumbs_lecon-2.jpg\"\n               data-image-id=\"291\"\n               data-title=\"lecon-2\"\n               data-description=\"\"\n               data-image-slug=\"lecon-2\"\n               class='thickbox' rel='0422ec73eb071a2235d493025dc5f288'>\n                <img\n                    title=\"lecon-2\"\n                    alt=\"lecon-2\"\n                    src=\"http:\/\/andrenerman.com\/wp-content\/gallery\/lecon\/thumbs\/thumbs_lecon-2.jpg\"\n                    width=\"100\"\n                    height=\"75\"\n                    style=\"max-width:100%;\"\n                \/>\n            <\/a>\n        <\/div>\n\t\t\t\t\t\t\t<\/div> \n\t\t\t\n        \n\t\t\n\t\t<!-- Pagination -->\n\t<div class='ngg-clear'><\/div>\t<\/div>\n\n<p style=\"text-align: center;\"><a class=\"fleche2\" title=\"La le\u00e7on - Dossier de presse - 2016\" href=\"http:\/\/andrenerman.com\/wp-content\/uploads\/2016\/02\/presse-lecon.pdf\">T\u00e9l\u00e9charger le<strong> dossier de presse<\/strong> <strong>complet<\/strong><\/a> (.pdf)<\/p>\n<p><span style=\"font-weight: normal; font-size: 13px;\"><a class=\"fleche\" title=\"Mise en sc\u00e8ne\" href=\"http:\/\/andrenerman.com\/?page_id=163\" target=\"_self\" rel=\"noopener noreferrer\">Voir les autres mises en sc\u00e8ne<\/a><\/span><\/p>\n","protected":false},"excerpt":{"rendered":"<p>Avec Anna Jahjah, Andr\u00e9 Nerman et Sol\u00e8ne Rabas T\u00e9l\u00e9charger le dossier de presse complet (.pdf) Voir les autres mises en sc\u00e8ne<\/p>\n","protected":false},"author":1,"featured_media":0,"parent":163,"menu_order":0,"comment_status":"closed","ping_status":"closed","template":"","meta":{"ngg_post_thumbnail":0},"_links":{"self":[{"href":"http:\/\/andrenerman.com\/index.php?rest_route=\/wp\/v2\/pages\/1381"}],"collection":[{"href":"http:\/\/andrenerman.com\/index.php?rest_route=\/wp\/v2\/pages"}],"about":[{"href":"http:\/\/andrenerman.com\/index.php?rest_route=\/wp\/v2\/types\/page"}],"author":[{"embeddable":true,"href":"http:\/\/andrenerman.com\/index.php?rest_route=\/wp\/v2\/users\/1"}],"replies":[{"embeddable":true,"href":"http:\/\/andrenerman.com\/index.php?rest_route=%2Fwp%2Fv2%2Fcomments&post=1381"}],"version-history":[{"count":7,"href":"http:\/\/andrenerman.com\/index.php?rest_route=\/wp\/v2\/pages\/1381\/revisions"}],"predecessor-version":[{"id":1956,"href":"http:\/\/andrenerman.com\/index.php?rest_route=\/wp\/v2\/pages\/1381\/revisions\/1956"}],"up":[{"embeddable":true,"href":"http:\/\/andrenerman.com\/index.php?rest_route=\/wp\/v2\/pages\/163"}],"wp:attachment":[{"href":"http:\/\/andrenerman.com\/index.php?rest_route=%2Fwp%2Fv2%2Fmedia&parent=1381"}],"curies":[{"name":"wp","href":"https:\/\/api.w.org\/{rel}","templated":true}]}}