{"id":1024,"date":"2014-01-25T14:47:30","date_gmt":"2014-01-25T14:47:30","guid":{"rendered":"http:\/\/andrenerman.com\/?page_id=1024"},"modified":"2020-04-21T11:10:36","modified_gmt":"2020-04-21T11:10:36","slug":"coaching","status":"publish","type":"page","link":"http:\/\/andrenerman.com\/?page_id=1024","title":{"rendered":"Coaching"},"content":{"rendered":"<p>Andr\u00e9 Nerman a r\u00e9guli\u00e8rement enseign\u00e9 l&rsquo;<strong>art dramatique<\/strong> depuis le d\u00e9but de sa carri\u00e8re.<\/p>\n<p>Il a notamment \u00e9t\u00e9 \u00ab\u00a0<strong>Drama teacher<\/strong>\u00a0\u00bb dans plusieurs lyc\u00e9es franco-am\u00e9ricain LILA (Los Angeles, Fountain Valley, Monrovia), pendant trois ans.<\/p>\n<p>De plus, Andr\u00e9 intervient tr\u00e8s r\u00e9guli\u00e8rement dans des <strong>universit\u00e9s am\u00e9ricaines<\/strong>, au cours de ses tourn\u00e9es : il a \u00e9t\u00e9 invit\u00e9 r\u00e9guli\u00e8rement \u00e0 organiser des <strong>ateliers de th\u00e9\u00e2tre<\/strong> pour des \u00e9tudiants am\u00e9ricains apprenant le fran\u00e7ais (University of San Diego, Wheaton College, Middlebury College, Wichita University).<\/p>\n<p>Enfin Andr\u00e9 fait r\u00e9guli\u00e8rement du <strong>coaching en entreprise<\/strong> et enseigne l&rsquo;art dramatique au Conservatoire de Longjumeaux.<\/p>\n<div>\n<h2><img loading=\"lazy\" class=\"aligncenter\" title=\"limit\" src=\"http:\/\/andrenerman.com\/wp-content\/uploads\/2010\/11\/limit.gif\" alt=\"\" width=\"100\" height=\"10\" \/><\/h2>\n<\/div>\n<p><iframe frameborder=\"0\" height=\"315\" src=\"https:\/\/www.youtube.com\/embed\/bPl5GL8uaBI\" width=\"560\"><\/iframe><\/p>\n","protected":false},"excerpt":{"rendered":"<p>Andr\u00e9 Nerman a r\u00e9guli\u00e8rement enseign\u00e9 l&rsquo;art dramatique depuis le d\u00e9but de sa carri\u00e8re. Il a notamment \u00e9t\u00e9 \u00ab\u00a0Drama teacher\u00a0\u00bb dans plusieurs lyc\u00e9es franco-am\u00e9ricain LILA (Los Angeles, Fountain Valley, Monrovia), pendant trois ans. De plus, Andr\u00e9 intervient tr\u00e8s r\u00e9guli\u00e8rement dans des universit\u00e9s am\u00e9ricaines, au cours de ses tourn\u00e9es : il a \u00e9t\u00e9 invit\u00e9 r\u00e9guli\u00e8rement \u00e0 organiser [&hellip;]<\/p>\n","protected":false},"author":1,"featured_media":0,"parent":0,"menu_order":9,"comment_status":"closed","ping_status":"closed","template":"","meta":{"ngg_post_thumbnail":0},"_links":{"self":[{"href":"http:\/\/andrenerman.com\/index.php?rest_route=\/wp\/v2\/pages\/1024"}],"collection":[{"href":"http:\/\/andrenerman.com\/index.php?rest_route=\/wp\/v2\/pages"}],"about":[{"href":"http:\/\/andrenerman.com\/index.php?rest_route=\/wp\/v2\/types\/page"}],"author":[{"embeddable":true,"href":"http:\/\/andrenerman.com\/index.php?rest_route=\/wp\/v2\/users\/1"}],"replies":[{"embeddable":true,"href":"http:\/\/andrenerman.com\/index.php?rest_route=%2Fwp%2Fv2%2Fcomments&post=1024"}],"version-history":[{"count":6,"href":"http:\/\/andrenerman.com\/index.php?rest_route=\/wp\/v2\/pages\/1024\/revisions"}],"predecessor-version":[{"id":1838,"href":"http:\/\/andrenerman.com\/index.php?rest_route=\/wp\/v2\/pages\/1024\/revisions\/1838"}],"wp:attachment":[{"href":"http:\/\/andrenerman.com\/index.php?rest_route=%2Fwp%2Fv2%2Fmedia&parent=1024"}],"curies":[{"name":"wp","href":"https:\/\/api.w.org\/{rel}","templated":true}]}}